{"id":458,"date":"2023-06-14T15:05:08","date_gmt":"2023-06-14T15:05:08","guid":{"rendered":"https:\/\/pahaf.org\/?page_id=458"},"modified":"2024-03-18T15:58:14","modified_gmt":"2024-03-18T20:58:14","slug":"community-partners-lenders-servicers","status":"publish","type":"page","link":"https:\/\/pahaf.org\/es\/community-partners-lenders-servicers\/","title":{"rendered":"Socios Comunitarios, Proveedores de Servicios y Prestamistas"},"content":{"rendered":"<div data-elementor-type=\"wp-page\" data-elementor-id=\"458\" class=\"elementor elementor-458\" data-elementor-post-type=\"page\">\n\t\t\t\t<div class=\"elementor-element elementor-element-f0a19a6 e-con-full e-flex e-con e-parent\" data-id=\"f0a19a6\" data-element_type=\"container\" data-e-type=\"container\">\n\t\t<div class=\"elementor-element elementor-element-f59e11d e-flex e-con-boxed e-con e-child\" data-id=\"f59e11d\" data-element_type=\"container\" data-e-type=\"container\">\n\t\t\t\t\t<div class=\"e-con-inner\">\n\t\t\t\t<div class=\"elementor-element elementor-element-d441f89 elementor-widget elementor-widget-text-editor\" data-id=\"d441f89\" data-element_type=\"widget\" data-e-type=\"widget\" data-widget_type=\"text-editor.default\">\n\t\t\t\t<div class=\"elementor-widget-container\">\n\t\t\t\t\t\t\t\t\t<p>Esperamos colaborar con socios comunitarios, prestamistas y proveedores de servicios en todo Pennsylvania para promover el Programa y brindar equitativamente los beneficios del PAHAF a los propietarios elegibles que buscan asistencia hipotecaria y\/o relacionada con la vivienda despu\u00e9s de la pandemia de COVID-19.<\/p><p>Su apoyo al Programa PAHAF es fundamental para garantizar que estamos distribuyendo los fondos de manera eficiente a los solicitantes elegibles que enfrentan inestabilidad de la vivienda.\u00a0<\/p>\t\t\t\t\t\t\t\t<\/div>\n\t\t\t\t<\/div>\n\t\t\t\t\t<\/div>\n\t\t\t\t<\/div>\n\t\t<div class=\"elementor-element elementor-element-5185990 e-con-full e-flex e-con e-child\" data-id=\"5185990\" data-element_type=\"container\" data-e-type=\"container\" data-settings=\"{&quot;background_background&quot;:&quot;classic&quot;}\">\n\t\t<div class=\"elementor-element elementor-element-7ec72f2 e-flex e-con-boxed e-con e-child\" data-id=\"7ec72f2\" data-element_type=\"container\" data-e-type=\"container\">\n\t\t\t\t\t<div class=\"e-con-inner\">\n\t\t\t\t<div class=\"elementor-element elementor-element-5bd5ffa elementor-widget elementor-widget-text-editor\" data-id=\"5bd5ffa\" data-element_type=\"widget\" data-e-type=\"widget\" data-widget_type=\"text-editor.default\">\n\t\t\t\t<div class=\"elementor-widget-container\">\n\t\t\t\t\t\t\t\t\t<h2>Socios Comunitarios<\/h2><p>PAHAF trabaja en estrecha colaboraci\u00f3n con nuestros valiosos socios comunitarios para ayudar a crear conciencia sobre el programa y apoyar a los propietarios de viviendas elegibles de Pensilvania.<\/p><p>Con los socios de la comunidad, actualmente estamos programando eventos de divulgaci\u00f3n co-organizados y asistiendo a eventos comunitarios existentes con un stand o mesa, as\u00ed que h\u00e1ganos saber si podemos coordinar con usted para conocer a los miembros de su comunidad en persona. Adem\u00e1s, podemos compartir materiales impresos para que los distribuya y carteles para colgar en las ubicaciones de su oficina f\u00edsica.<\/p><p><strong>Para aprender c\u00f3mo asociarse con PAHAF y apoyar los esfuerzos de alcance del programa, o solicitar materiales impresos, comun\u00edquese con\u00a0<a href=\"mailto:outreach@pahaf.org\">outreach@pahaf.org<\/a>.<\/strong><\/p>\t\t\t\t\t\t\t\t<\/div>\n\t\t\t\t<\/div>\n\t\t\t\t<div class=\"elementor-element elementor-element-c8619ef elementor-widget elementor-widget-button\" data-id=\"c8619ef\" data-element_type=\"widget\" data-e-type=\"widget\" data-widget_type=\"button.default\">\n\t\t\t\t<div class=\"elementor-widget-container\">\n\t\t\t\t\t\t\t\t\t<div class=\"elementor-button-wrapper\">\n\t\t\t\t\t<a class=\"elementor-button elementor-button-link elementor-size-sm\" href=\"https:\/\/pahaf.org\/wp-content\/uploads\/2024\/03\/PAHAF-reopening-flyer.pdf\" target=\"_blank\">\n\t\t\t\t\t\t<span class=\"elementor-button-content-wrapper\">\n\t\t\t\t\t\t\t\t\t<span class=\"elementor-button-text\">Download PAHAF Reopening Flyer<\/span>\n\t\t\t\t\t<\/span>\n\t\t\t\t\t<\/a>\n\t\t\t\t<\/div>\n\t\t\t\t\t\t\t\t<\/div>\n\t\t\t\t<\/div>\n\t\t\t\t\t<\/div>\n\t\t\t\t<\/div>\n\t\t\t\t<\/div>\n\t\t<div class=\"elementor-element elementor-element-6877fbc e-flex e-con-boxed e-con e-child\" data-id=\"6877fbc\" data-element_type=\"container\" data-e-type=\"container\">\n\t\t\t\t\t<div class=\"e-con-inner\">\n\t\t\t\t<div class=\"elementor-element elementor-element-aec5dc2 elementor-widget elementor-widget-text-editor\" data-id=\"aec5dc2\" data-element_type=\"widget\" data-e-type=\"widget\" data-widget_type=\"text-editor.default\">\n\t\t\t\t<div class=\"elementor-widget-container\">\n\t\t\t\t\t\t\t\t\t<div class=\"et_pb_module et_pb_text et_pb_text_4  et_pb_text_align_left et_pb_bg_layout_light\"><div class=\"et_pb_text_inner\"><h2>Proveedores de Servicios y Prestamistas<\/h2><\/div><\/div><div class=\"et_pb_module et_pb_text et_pb_text_5  et_pb_text_align_left et_pb_bg_layout_light\"><div class=\"et_pb_text_inner\"><p>La coordinaci\u00f3n con los proveedores de servicios y prestamistas es esencial para apoyar la estabilidad de la vivienda a trav\u00e9s del Estado Libre Asociado.<\/p><p>La asistencia de PAHAF ser\u00e1 enviada directamente a los administradores de hipotecas, proveedores de utilidades, autoridades tributarias o proveedores de servicios aprobados \u2013 ninguna asistencia ser\u00e1 provista directamente al propietario. Nuestro equipo est\u00e1 preparado para hacer que este proceso sea lo m\u00e1s f\u00e1cil posible para garantizar que el desembolso de los pagos sea \u00e1gil.<\/p><p>Esperamos trabajar con su equipo mientras desarrollamos procesos para atender de manera efectiva a los propietarios de viviendas elegibles de Pennsylvania. Si tiene alguna pregunta o desea solicitar una reuni\u00f3n con nuestro equipo, comun\u00edquese con <a href=\"mailto:pahafhelp@pahaf.org\">pahafhelp@pahaf.org<\/a>\u00a0para poderle asistir.<\/p><p><strong>Estos prestamistas y administradores est\u00e1n participando en el Fondo de Asistencia al Propietario de Pennsylvania (PAHAF, por sus siglas en ingl\u00e9s).<\/strong><\/p><\/div><\/div>\t\t\t\t\t\t\t\t<\/div>\n\t\t\t\t<\/div>\n\t\t\t\t<div class=\"elementor-element elementor-element-ddc685e elementor-widget elementor-widget-text-editor\" data-id=\"ddc685e\" data-element_type=\"widget\" data-e-type=\"widget\" data-widget_type=\"text-editor.default\">\n\t\t\t\t<div class=\"elementor-widget-container\">\n\t\t\t\t\t\t\t\t\t<div class=\"et_pb_column et_pb_column_1_2 et_pb_column_4  et_pb_css_mix_blend_mode_passthrough\"><div class=\"et_pb_module et_pb_text et_pb_text_6  et_pb_text_align_left et_pb_bg_layout_light\"><div class=\"et_pb_text_inner\"><p>Amerisave Mortgage<\/p><p>Arvest Bank<\/p><p>Bank of America<\/p><p>Caliber Home Loans<\/p><p>Carrington Mortgage<\/p><p>Citizens Bank<\/p><p>Chicago Mortgage Solutions (d\/b\/a Interfist)<\/p><p>Community Loan Servicing<\/p><p>Computershare\/Specialized Loan Servicing<\/p><p>Eastern Savings Bank<\/p><p>Fay Servicing<\/p><p>Flagstar Bank<\/p><p>Freedom Mortgage<\/p><p>Fulton Bank<\/p><p>Gateway Mortgage<\/p><p>Gregory Funding<\/p><p>HSBC<\/p><p>Huntington Bank<\/p><p>JPMorgan Chase<\/p><p>Lakeview Loan Servicing<\/p><p>LoanCare<\/p><p>Loan Depot<\/p><p>Mid America Mortgage<\/p><p>Midfirst\/Midland Mortgage<\/p><p>Mr. Cooper<\/p><\/div><\/div><\/div><div class=\"et_pb_column et_pb_column_1_2 et_pb_column_5  et_pb_css_mix_blend_mode_passthrough et-last-child\"><div class=\"et_pb_module et_pb_text et_pb_text_7  et_pb_text_align_left et_pb_bg_layout_light\"><div class=\"et_pb_text_inner\"><p>NBT Bank<\/p><p>New American Funding<\/p><p>New Rez\/Shellpoint<\/p><p>Nextier Bank<\/p><p>NorthPointe Bank<\/p><p>Northwest Bank<\/p><p>PennyMac<\/p><p>PFHA Loan Servicing<\/p><p>PHH Mortgage\/Ocwen<\/p><p>Planet Home Lending<\/p><p>PNC Bank<\/p><p>Primary Residential Mortgage Inc.<\/p><p>Rocket Mortgage<\/p><p>RoundPoint Mortgage<\/p><p>Rushmore Loan Management<\/p><p>Santander Bank<\/p><p>Select Portfolio Servicing<\/p><p>Selene Finance<\/p><p>ServiceMac<\/p><p>SN Servicing Corporation<\/p><p>Suntrust\/Truist Bank<\/p><p>The Money Source<\/p><p>US Bank<\/p><p>Valley National Bank<\/p><p>Wells Fargo<\/p><\/div><\/div><\/div>\t\t\t\t\t\t\t\t<\/div>\n\t\t\t\t<\/div>\n\t\t\t\t\t<\/div>\n\t\t\t\t<\/div>\n\t\t\t\t<\/div>\n\t\t\t\t<\/div>","protected":false},"excerpt":{"rendered":"<p>We look forward to collaborating with community partners, lenders, and service providers across Pennsylvania to promote and equitably deliver PAHAF benefits to eligible homeowners seeking mortgage and\/or housing-related assistance following the COVID-19 pandemic. Your support of the PAHAF Program is critical to ensure we are efficiently distributing funds to eligible applicants facing housing instability.\u00a0 Community [&hellip;]<\/p>\n","protected":false},"author":1,"featured_media":0,"parent":0,"menu_order":0,"comment_status":"closed","ping_status":"closed","template":"","meta":{"footnotes":""},"class_list":["post-458","page","type-page","status-publish","hentry"],"yoast_head":"<!-- This site is optimized with the Yoast SEO plugin v27.4 - https:\/\/yoast.com\/product\/yoast-seo-wordpress\/ -->\n<title>Community Partners, Lenders, &amp; Servicers &#8212; Pennsylvania Homeowner Assistance Fund<\/title>\n<meta name=\"description\" content=\"We look forward to collaborating with community partners, lenders, and service providers to equitably deliver PAHAF benefits to eligible homeowners.\" \/>\n<meta name=\"robots\" content=\"index, follow, max-snippet:-1, max-image-preview:large, max-video-preview:-1\" \/>\n<link rel=\"canonical\" href=\"https:\/\/pahaf.org\/es\/community-partners-lenders-servicers\/\" \/>\n<meta property=\"og:locale\" content=\"es_ES\" \/>\n<meta property=\"og:type\" content=\"article\" \/>\n<meta property=\"og:title\" content=\"Community Partners, Lenders, &amp; Servicers &#8212; Pennsylvania Homeowner Assistance Fund\" \/>\n<meta property=\"og:description\" content=\"We look forward to collaborating with community partners, lenders, and service providers to equitably deliver PAHAF benefits to eligible homeowners.\" \/>\n<meta property=\"og:url\" content=\"https:\/\/pahaf.org\/es\/community-partners-lenders-servicers\/\" \/>\n<meta property=\"og:site_name\" content=\"Pennsylvania Homeowner Assistance Fund\" \/>\n<meta property=\"article:publisher\" content=\"https:\/\/www.facebook.com\/phfa.org\/\" \/>\n<meta property=\"article:modified_time\" content=\"2024-03-18T20:58:14+00:00\" \/>\n<meta property=\"og:image\" content=\"https:\/\/pahaf.org\/wp-content\/uploads\/2023\/06\/PAHAF-logo-social-fallback.jpg\" \/>\n\t<meta property=\"og:image:width\" content=\"1200\" \/>\n\t<meta property=\"og:image:height\" content=\"676\" \/>\n\t<meta property=\"og:image:type\" content=\"image\/jpeg\" \/>\n<meta name=\"twitter:card\" content=\"summary_large_image\" \/>\n<meta name=\"twitter:site\" content=\"@PHFAtweets\" \/>\n<meta name=\"twitter:label1\" content=\"Tiempo de lectura\" \/>\n\t<meta name=\"twitter:data1\" content=\"2 minutos\" \/>\n<script type=\"application\/ld+json\" class=\"yoast-schema-graph\">{\"@context\":\"https:\\\/\\\/schema.org\",\"@graph\":[{\"@type\":\"WebPage\",\"@id\":\"https:\\\/\\\/pahaf.org\\\/community-partners-lenders-servicers\\\/\",\"url\":\"https:\\\/\\\/pahaf.org\\\/community-partners-lenders-servicers\\\/\",\"name\":\"Community Partners, Lenders, &amp; Servicers &#8212; Pennsylvania Homeowner Assistance Fund\",\"isPartOf\":{\"@id\":\"https:\\\/\\\/pahaf.org\\\/#website\"},\"datePublished\":\"2023-06-14T15:05:08+00:00\",\"dateModified\":\"2024-03-18T20:58:14+00:00\",\"description\":\"We look forward to collaborating with community partners, lenders, and service providers to equitably deliver PAHAF benefits to eligible homeowners.\",\"breadcrumb\":{\"@id\":\"https:\\\/\\\/pahaf.org\\\/community-partners-lenders-servicers\\\/#breadcrumb\"},\"inLanguage\":\"es\",\"potentialAction\":[{\"@type\":\"ReadAction\",\"target\":[\"https:\\\/\\\/pahaf.org\\\/community-partners-lenders-servicers\\\/\"]}]},{\"@type\":\"BreadcrumbList\",\"@id\":\"https:\\\/\\\/pahaf.org\\\/community-partners-lenders-servicers\\\/#breadcrumb\",\"itemListElement\":[{\"@type\":\"ListItem\",\"position\":1,\"name\":\"Home\",\"item\":\"https:\\\/\\\/pahaf.org\\\/\"},{\"@type\":\"ListItem\",\"position\":2,\"name\":\"Community Partners, Lenders, &amp; Servicers\"}]},{\"@type\":\"WebSite\",\"@id\":\"https:\\\/\\\/pahaf.org\\\/#website\",\"url\":\"https:\\\/\\\/pahaf.org\\\/\",\"name\":\"Pennsylvania Homeowner Assistance Fund\",\"description\":\"\",\"publisher\":{\"@id\":\"https:\\\/\\\/pahaf.org\\\/#organization\"},\"alternateName\":\"PAHAF\",\"potentialAction\":[{\"@type\":\"SearchAction\",\"target\":{\"@type\":\"EntryPoint\",\"urlTemplate\":\"https:\\\/\\\/pahaf.org\\\/?s={search_term_string}\"},\"query-input\":{\"@type\":\"PropertyValueSpecification\",\"valueRequired\":true,\"valueName\":\"search_term_string\"}}],\"inLanguage\":\"es\"},{\"@type\":\"Organization\",\"@id\":\"https:\\\/\\\/pahaf.org\\\/#organization\",\"name\":\"Pennsylvania Homeowner Assistance Fund\",\"alternateName\":\"PAHAF\",\"url\":\"https:\\\/\\\/pahaf.org\\\/\",\"logo\":{\"@type\":\"ImageObject\",\"inLanguage\":\"es\",\"@id\":\"https:\\\/\\\/pahaf.org\\\/#\\\/schema\\\/logo\\\/image\\\/\",\"url\":\"https:\\\/\\\/pahaf.org\\\/wp-content\\\/uploads\\\/2023\\\/06\\\/PAHAF-logo-sq.jpg\",\"contentUrl\":\"https:\\\/\\\/pahaf.org\\\/wp-content\\\/uploads\\\/2023\\\/06\\\/PAHAF-logo-sq.jpg\",\"width\":1200,\"height\":1201,\"caption\":\"Pennsylvania Homeowner Assistance Fund\"},\"image\":{\"@id\":\"https:\\\/\\\/pahaf.org\\\/#\\\/schema\\\/logo\\\/image\\\/\"},\"sameAs\":[\"https:\\\/\\\/www.facebook.com\\\/phfa.org\\\/\",\"https:\\\/\\\/x.com\\\/PHFAtweets\"]}]}<\/script>\n<!-- \/ Yoast SEO plugin. -->","yoast_head_json":{"title":"Community Partners, Lenders, &amp; Servicers &#8212; Pennsylvania Homeowner Assistance Fund","description":"We look forward to collaborating with community partners, lenders, and service providers to equitably deliver PAHAF benefits to eligible homeowners.","robots":{"index":"index","follow":"follow","max-snippet":"max-snippet:-1","max-image-preview":"max-image-preview:large","max-video-preview":"max-video-preview:-1"},"canonical":"https:\/\/pahaf.org\/es\/community-partners-lenders-servicers\/","og_locale":"es_ES","og_type":"article","og_title":"Community Partners, Lenders, &amp; Servicers &#8212; Pennsylvania Homeowner Assistance Fund","og_description":"We look forward to collaborating with community partners, lenders, and service providers to equitably deliver PAHAF benefits to eligible homeowners.","og_url":"https:\/\/pahaf.org\/es\/community-partners-lenders-servicers\/","og_site_name":"Pennsylvania Homeowner Assistance Fund","article_publisher":"https:\/\/www.facebook.com\/phfa.org\/","article_modified_time":"2024-03-18T20:58:14+00:00","og_image":[{"width":1200,"height":676,"url":"https:\/\/pahaf.org\/wp-content\/uploads\/2023\/06\/PAHAF-logo-social-fallback.jpg","type":"image\/jpeg"}],"twitter_card":"summary_large_image","twitter_site":"@PHFAtweets","twitter_misc":{"Tiempo de lectura":"2 minutos"},"schema":{"@context":"https:\/\/schema.org","@graph":[{"@type":"WebPage","@id":"https:\/\/pahaf.org\/community-partners-lenders-servicers\/","url":"https:\/\/pahaf.org\/community-partners-lenders-servicers\/","name":"Community Partners, Lenders, &amp; Servicers &#8212; Pennsylvania Homeowner Assistance Fund","isPartOf":{"@id":"https:\/\/pahaf.org\/#website"},"datePublished":"2023-06-14T15:05:08+00:00","dateModified":"2024-03-18T20:58:14+00:00","description":"We look forward to collaborating with community partners, lenders, and service providers to equitably deliver PAHAF benefits to eligible homeowners.","breadcrumb":{"@id":"https:\/\/pahaf.org\/community-partners-lenders-servicers\/#breadcrumb"},"inLanguage":"es","potentialAction":[{"@type":"ReadAction","target":["https:\/\/pahaf.org\/community-partners-lenders-servicers\/"]}]},{"@type":"BreadcrumbList","@id":"https:\/\/pahaf.org\/community-partners-lenders-servicers\/#breadcrumb","itemListElement":[{"@type":"ListItem","position":1,"name":"Home","item":"https:\/\/pahaf.org\/"},{"@type":"ListItem","position":2,"name":"Community Partners, Lenders, &amp; Servicers"}]},{"@type":"WebSite","@id":"https:\/\/pahaf.org\/#website","url":"https:\/\/pahaf.org\/","name":"Fondo de Asistencia para Propietarios de Vivienda de Pensilvania","description":"","publisher":{"@id":"https:\/\/pahaf.org\/#organization"},"alternateName":"PAHAF","potentialAction":[{"@type":"SearchAction","target":{"@type":"EntryPoint","urlTemplate":"https:\/\/pahaf.org\/?s={search_term_string}"},"query-input":{"@type":"PropertyValueSpecification","valueRequired":true,"valueName":"search_term_string"}}],"inLanguage":"es"},{"@type":"Organization","@id":"https:\/\/pahaf.org\/#organization","name":"Fondo de Asistencia para Propietarios de Vivienda de Pensilvania","alternateName":"PAHAF","url":"https:\/\/pahaf.org\/","logo":{"@type":"ImageObject","inLanguage":"es","@id":"https:\/\/pahaf.org\/#\/schema\/logo\/image\/","url":"https:\/\/pahaf.org\/wp-content\/uploads\/2023\/06\/PAHAF-logo-sq.jpg","contentUrl":"https:\/\/pahaf.org\/wp-content\/uploads\/2023\/06\/PAHAF-logo-sq.jpg","width":1200,"height":1201,"caption":"Pennsylvania Homeowner Assistance Fund"},"image":{"@id":"https:\/\/pahaf.org\/#\/schema\/logo\/image\/"},"sameAs":["https:\/\/www.facebook.com\/phfa.org\/","https:\/\/x.com\/PHFAtweets"]}]}},"_links":{"self":[{"href":"https:\/\/pahaf.org\/es\/wp-json\/wp\/v2\/pages\/458","targetHints":{"allow":["GET"]}}],"collection":[{"href":"https:\/\/pahaf.org\/es\/wp-json\/wp\/v2\/pages"}],"about":[{"href":"https:\/\/pahaf.org\/es\/wp-json\/wp\/v2\/types\/page"}],"author":[{"embeddable":true,"href":"https:\/\/pahaf.org\/es\/wp-json\/wp\/v2\/users\/1"}],"replies":[{"embeddable":true,"href":"https:\/\/pahaf.org\/es\/wp-json\/wp\/v2\/comments?post=458"}],"version-history":[{"count":26,"href":"https:\/\/pahaf.org\/es\/wp-json\/wp\/v2\/pages\/458\/revisions"}],"predecessor-version":[{"id":2673,"href":"https:\/\/pahaf.org\/es\/wp-json\/wp\/v2\/pages\/458\/revisions\/2673"}],"wp:attachment":[{"href":"https:\/\/pahaf.org\/es\/wp-json\/wp\/v2\/media?parent=458"}],"curies":[{"name":"wp","href":"https:\/\/api.w.org\/{rel}","templated":true}]}}