{"id":39,"date":"2023-06-13T23:38:53","date_gmt":"2023-06-13T23:38:53","guid":{"rendered":"https:\/\/pahaf.org\/?page_id=39"},"modified":"2025-04-01T06:22:48","modified_gmt":"2025-04-01T11:22:48","slug":"what-do-i-need-to-apply","status":"publish","type":"page","link":"https:\/\/pahaf.org\/es\/what-do-i-need-to-apply\/","title":{"rendered":"\u00bfQu\u00e9 necesito para solicitar?"},"content":{"rendered":"<div data-elementor-type=\"wp-page\" data-elementor-id=\"39\" class=\"elementor elementor-39\" data-elementor-post-type=\"page\">\n\t\t\t\t<div class=\"elementor-element elementor-element-bbe7f94 e-flex e-con-boxed e-con e-parent\" data-id=\"bbe7f94\" data-element_type=\"container\" data-e-type=\"container\">\n\t\t\t\t\t<div class=\"e-con-inner\">\n\t\t\t\t<div class=\"elementor-element elementor-element-54d72d7 elementor-widget elementor-widget-text-editor\" data-id=\"54d72d7\" data-element_type=\"widget\" data-e-type=\"widget\" data-widget_type=\"text-editor.default\">\n\t\t\t\t<div class=\"elementor-widget-container\">\n\t\t\t\t\t\t\t\t\t<p><b>El programa PAHAF ya no est\u00e1 aceptando nuevas solicitudes.<\/b><\/p>\t\t\t\t\t\t\t\t<\/div>\n\t\t\t\t<\/div>\n\t\t\t\t<div class=\"elementor-element elementor-element-27759de elementor-widget elementor-widget-text-editor\" data-id=\"27759de\" data-element_type=\"widget\" data-e-type=\"widget\" data-widget_type=\"text-editor.default\">\n\t\t\t\t<div class=\"elementor-widget-container\">\n\t\t\t\t\t\t\t\t\t<p><strong>Los documentos requeridos pueden incluir:<\/strong><\/p>\t\t\t\t\t\t\t\t<\/div>\n\t\t\t\t<\/div>\n\t\t<div class=\"elementor-element elementor-element-27cf39c e-flex e-con-boxed e-con e-child\" data-id=\"27cf39c\" data-element_type=\"container\" data-e-type=\"container\">\n\t\t\t\t\t<div class=\"e-con-inner\">\n\t\t<div class=\"elementor-element elementor-element-c033653 e-flex e-con-boxed e-con e-child\" data-id=\"c033653\" data-element_type=\"container\" data-e-type=\"container\">\n\t\t\t\t\t<div class=\"e-con-inner\">\n\t\t\t\t<div class=\"elementor-element elementor-element-26a9df8 elementor-widget__width-initial elementor-widget-tablet__width-initial elementor-widget elementor-widget-image\" data-id=\"26a9df8\" data-element_type=\"widget\" data-e-type=\"widget\" data-widget_type=\"image.default\">\n\t\t\t\t<div class=\"elementor-widget-container\">\n\t\t\t\t\t\t\t\t\t\t\t\t\t\t\t<img decoding=\"async\" width=\"75\" height=\"75\" src=\"https:\/\/pahaf.org\/wp-content\/uploads\/2023\/06\/check_lblue.png\" class=\"attachment-large size-large wp-image-197\" alt=\"Check mark\" \/>\t\t\t\t\t\t\t\t\t\t\t\t\t\t\t<\/div>\n\t\t\t\t<\/div>\n\t\t\t\t<div class=\"elementor-element elementor-element-b6b150a elementor-widget elementor-widget-text-editor\" data-id=\"b6b150a\" data-element_type=\"widget\" data-e-type=\"widget\" data-widget_type=\"text-editor.default\">\n\t\t\t\t<div class=\"elementor-widget-container\">\n\t\t\t\t\t\t\t\t\t<p>Copia de una identificaci\u00f3n con foto emitida por el gobierno para todos los propietarios de viviendas que soliciten.<\/p>\t\t\t\t\t\t\t\t<\/div>\n\t\t\t\t<\/div>\n\t\t\t\t\t<\/div>\n\t\t\t\t<\/div>\n\t\t<div class=\"elementor-element elementor-element-74ea020 e-flex e-con-boxed e-con e-child\" data-id=\"74ea020\" data-element_type=\"container\" data-e-type=\"container\">\n\t\t\t\t\t<div class=\"e-con-inner\">\n\t\t\t\t<div class=\"elementor-element elementor-element-e564e7f elementor-widget__width-initial elementor-widget-tablet__width-initial elementor-widget elementor-widget-image\" data-id=\"e564e7f\" data-element_type=\"widget\" data-e-type=\"widget\" data-widget_type=\"image.default\">\n\t\t\t\t<div class=\"elementor-widget-container\">\n\t\t\t\t\t\t\t\t\t\t\t\t\t\t\t<img decoding=\"async\" width=\"75\" height=\"75\" src=\"https:\/\/pahaf.org\/wp-content\/uploads\/2023\/06\/check_lblue.png\" class=\"attachment-large size-large wp-image-197\" alt=\"Check mark\" \/>\t\t\t\t\t\t\t\t\t\t\t\t\t\t\t<\/div>\n\t\t\t\t<\/div>\n\t\t\t\t<div class=\"elementor-element elementor-element-472265a elementor-widget elementor-widget-text-editor\" data-id=\"472265a\" data-element_type=\"widget\" data-e-type=\"widget\" data-widget_type=\"text-editor.default\">\n\t\t\t\t<div class=\"elementor-widget-container\">\n\t\t\t\t\t\t\t\t\t<p>Copia de su tarjeta de Seguro Social o identificaci\u00f3n fiscal, O presentaci\u00f3n de formularios relacionados con el impuesto sobre la renta, como 1040s, W2s, 1099s, etc., que muestren los \u00faltimos cuatro d\u00edgitos de su n\u00famero de Seguro Social o su N\u00famero de Identificaci\u00f3n Fiscal.<\/p>\t\t\t\t\t\t\t\t<\/div>\n\t\t\t\t<\/div>\n\t\t\t\t\t<\/div>\n\t\t\t\t<\/div>\n\t\t<div class=\"elementor-element elementor-element-91cae0a e-flex e-con-boxed e-con e-child\" data-id=\"91cae0a\" data-element_type=\"container\" data-e-type=\"container\">\n\t\t\t\t\t<div class=\"e-con-inner\">\n\t\t\t\t<div class=\"elementor-element elementor-element-7cacd0d elementor-widget__width-initial elementor-widget-tablet__width-initial elementor-widget elementor-widget-image\" data-id=\"7cacd0d\" data-element_type=\"widget\" data-e-type=\"widget\" data-widget_type=\"image.default\">\n\t\t\t\t<div class=\"elementor-widget-container\">\n\t\t\t\t\t\t\t\t\t\t\t\t\t\t\t<img decoding=\"async\" width=\"75\" height=\"75\" src=\"https:\/\/pahaf.org\/wp-content\/uploads\/2023\/06\/check_lblue.png\" class=\"attachment-large size-large wp-image-197\" alt=\"Check mark\" \/>\t\t\t\t\t\t\t\t\t\t\t\t\t\t\t<\/div>\n\t\t\t\t<\/div>\n\t\t\t\t<div class=\"elementor-element elementor-element-ee7df40 elementor-widget elementor-widget-text-editor\" data-id=\"ee7df40\" data-element_type=\"widget\" data-e-type=\"widget\" data-widget_type=\"text-editor.default\">\n\t\t\t\t<div class=\"elementor-widget-container\">\n\t\t\t\t\t\t\t\t\t<p>Prueba de ingresos corrientes (como la declaraci\u00f3n de impuestos del a\u00f1o anterior, recibos de pago de un mes actual, etc.)<\/p>\t\t\t\t\t\t\t\t<\/div>\n\t\t\t\t<\/div>\n\t\t\t\t\t<\/div>\n\t\t\t\t<\/div>\n\t\t<div class=\"elementor-element elementor-element-96cd530 e-flex e-con-boxed e-con e-child\" data-id=\"96cd530\" data-element_type=\"container\" data-e-type=\"container\">\n\t\t\t\t\t<div class=\"e-con-inner\">\n\t\t\t\t<div class=\"elementor-element elementor-element-659b981 elementor-widget__width-initial elementor-widget-tablet__width-initial elementor-widget elementor-widget-image\" data-id=\"659b981\" data-element_type=\"widget\" data-e-type=\"widget\" data-widget_type=\"image.default\">\n\t\t\t\t<div class=\"elementor-widget-container\">\n\t\t\t\t\t\t\t\t\t\t\t\t\t\t\t<img decoding=\"async\" width=\"75\" height=\"75\" src=\"https:\/\/pahaf.org\/wp-content\/uploads\/2023\/06\/check_lblue.png\" class=\"attachment-large size-large wp-image-197\" alt=\"Check mark\" \/>\t\t\t\t\t\t\t\t\t\t\t\t\t\t\t<\/div>\n\t\t\t\t<\/div>\n\t\t\t\t<div class=\"elementor-element elementor-element-b7c1b88 elementor-widget elementor-widget-text-editor\" data-id=\"b7c1b88\" data-element_type=\"widget\" data-e-type=\"widget\" data-widget_type=\"text-editor.default\">\n\t\t\t\t<div class=\"elementor-widget-container\">\n\t\t\t\t\t\t\t\t\t<p>Prueba de propiedad de la vivienda (ejemplos, copia de la escritura m\u00e1s reciente o factura de impuestos).<\/p>\t\t\t\t\t\t\t\t<\/div>\n\t\t\t\t<\/div>\n\t\t\t\t\t<\/div>\n\t\t\t\t<\/div>\n\t\t<div class=\"elementor-element elementor-element-57ed0b9 e-flex e-con-boxed e-con e-child\" data-id=\"57ed0b9\" data-element_type=\"container\" data-e-type=\"container\">\n\t\t\t\t\t<div class=\"e-con-inner\">\n\t\t\t\t<div class=\"elementor-element elementor-element-7a602c0 elementor-widget__width-initial elementor-widget-tablet__width-initial elementor-widget elementor-widget-image\" data-id=\"7a602c0\" data-element_type=\"widget\" data-e-type=\"widget\" data-widget_type=\"image.default\">\n\t\t\t\t<div class=\"elementor-widget-container\">\n\t\t\t\t\t\t\t\t\t\t\t\t\t\t\t<img decoding=\"async\" width=\"75\" height=\"75\" src=\"https:\/\/pahaf.org\/wp-content\/uploads\/2023\/06\/check_lblue.png\" class=\"attachment-large size-large wp-image-197\" alt=\"Check mark\" \/>\t\t\t\t\t\t\t\t\t\t\t\t\t\t\t<\/div>\n\t\t\t\t<\/div>\n\t\t\t\t<div class=\"elementor-element elementor-element-6075809 elementor-widget elementor-widget-text-editor\" data-id=\"6075809\" data-element_type=\"widget\" data-e-type=\"widget\" data-widget_type=\"text-editor.default\">\n\t\t\t\t<div class=\"elementor-widget-container\">\n\t\t\t\t\t\t\t\t\t<p>Atestiguar una disminuci\u00f3n sustancial de los ingresos o un aumento de los gastos relacionados con COVID.<\/p>\t\t\t\t\t\t\t\t<\/div>\n\t\t\t\t<\/div>\n\t\t\t\t\t<\/div>\n\t\t\t\t<\/div>\n\t\t<div class=\"elementor-element elementor-element-5c2f730 e-flex e-con-boxed e-con e-child\" data-id=\"5c2f730\" data-element_type=\"container\" data-e-type=\"container\">\n\t\t\t\t\t<div class=\"e-con-inner\">\n\t\t\t\t<div class=\"elementor-element elementor-element-2a44d39 elementor-widget__width-initial elementor-widget-tablet__width-initial elementor-widget elementor-widget-image\" data-id=\"2a44d39\" data-element_type=\"widget\" data-e-type=\"widget\" data-widget_type=\"image.default\">\n\t\t\t\t<div class=\"elementor-widget-container\">\n\t\t\t\t\t\t\t\t\t\t\t\t\t\t\t<img decoding=\"async\" width=\"75\" height=\"75\" src=\"https:\/\/pahaf.org\/wp-content\/uploads\/2023\/06\/check_lblue.png\" class=\"attachment-large size-large wp-image-197\" alt=\"Check mark\" \/>\t\t\t\t\t\t\t\t\t\t\t\t\t\t\t<\/div>\n\t\t\t\t<\/div>\n\t\t\t\t<div class=\"elementor-element elementor-element-702ee60 elementor-widget elementor-widget-text-editor\" data-id=\"702ee60\" data-element_type=\"widget\" data-e-type=\"widget\" data-widget_type=\"text-editor.default\">\n\t\t\t\t<div class=\"elementor-widget-container\">\n\t\t\t\t\t\t\t\t\t<p>Informaci\u00f3n adicional que usted considere beneficiosa para explicar su situaci\u00f3n.<\/p>\t\t\t\t\t\t\t\t<\/div>\n\t\t\t\t<\/div>\n\t\t\t\t\t<\/div>\n\t\t\t\t<\/div>\n\t\t\t\t<div class=\"elementor-element elementor-element-cdff98e elementor-widget elementor-widget-spacer\" data-id=\"cdff98e\" data-element_type=\"widget\" data-e-type=\"widget\" data-widget_type=\"spacer.default\">\n\t\t\t\t<div class=\"elementor-widget-container\">\n\t\t\t\t\t\t\t<div class=\"elementor-spacer\">\n\t\t\t<div class=\"elementor-spacer-inner\"><\/div>\n\t\t<\/div>\n\t\t\t\t\t\t<\/div>\n\t\t\t\t<\/div>\n\t\t\t\t<div class=\"elementor-element elementor-element-436ce8b elementor-hidden-desktop elementor-hidden-tablet elementor-hidden-mobile elementor-widget elementor-widget-text-editor\" data-id=\"436ce8b\" data-element_type=\"widget\" data-e-type=\"widget\" data-widget_type=\"text-editor.default\">\n\t\t\t\t<div class=\"elementor-widget-container\">\n\t\t\t\t\t\t\t\t\t<p>Si tienes lo que necesitas, est\u00e1s listo para empezar.<\/p>\t\t\t\t\t\t\t\t<\/div>\n\t\t\t\t<\/div>\n\t\t\t\t<div class=\"elementor-element elementor-element-4b1d102 elementor-align-center elementor-hidden-desktop elementor-hidden-tablet elementor-hidden-mobile elementor-widget elementor-widget-button\" data-id=\"4b1d102\" data-element_type=\"widget\" data-e-type=\"widget\" data-widget_type=\"button.default\">\n\t\t\t\t<div class=\"elementor-widget-container\">\n\t\t\t\t\t\t\t\t\t<div class=\"elementor-button-wrapper\">\n\t\t\t\t\t<a class=\"elementor-button elementor-button-link elementor-size-sm\" href=\"https:\/\/portal.neighborlysoftware.com\/HAF-PA\/Participant\">\n\t\t\t\t\t\t<span class=\"elementor-button-content-wrapper\">\n\t\t\t\t\t\t\t\t\t<span class=\"elementor-button-text\">Aplica hoy<\/span>\n\t\t\t\t\t<\/span>\n\t\t\t\t\t<\/a>\n\t\t\t\t<\/div>\n\t\t\t\t\t\t\t\t<\/div>\n\t\t\t\t<\/div>\n\t\t\t\t<div class=\"elementor-element elementor-element-157e86c elementor-hidden-desktop elementor-hidden-tablet elementor-hidden-mobile elementor-widget elementor-widget-spacer\" data-id=\"157e86c\" data-element_type=\"widget\" data-e-type=\"widget\" data-widget_type=\"spacer.default\">\n\t\t\t\t<div class=\"elementor-widget-container\">\n\t\t\t\t\t\t\t<div class=\"elementor-spacer\">\n\t\t\t<div class=\"elementor-spacer-inner\"><\/div>\n\t\t<\/div>\n\t\t\t\t\t\t<\/div>\n\t\t\t\t<\/div>\n\t\t\t\t<div class=\"elementor-element elementor-element-f8af259 elementor-widget elementor-widget-heading\" data-id=\"f8af259\" data-element_type=\"widget\" data-e-type=\"widget\" data-widget_type=\"heading.default\">\n\t\t\t\t<div class=\"elementor-widget-container\">\n\t\t\t\t\t<h2 class=\"elementor-heading-title elementor-size-default\">Para Asistencia Inmediata<\/h2>\t\t\t\t<\/div>\n\t\t\t\t<\/div>\n\t\t\t\t<div class=\"elementor-element elementor-element-23bf191 elementor-widget elementor-widget-text-editor\" data-id=\"23bf191\" data-element_type=\"widget\" data-e-type=\"widget\" data-widget_type=\"text-editor.default\">\n\t\t\t\t<div class=\"elementor-widget-container\">\n\t\t\t\t\t\t\t\t\t<div class=\"et_pb_row et_pb_row_8\"><div class=\"et_pb_column et_pb_column_4_4 et_pb_column_13 et_pb_css_mix_blend_mode_passthrough et-last-child\"><div class=\"et_pb_module et_pb_text et_pb_text_7 et_pb_text_align_left et_pb_bg_layout_light\"><div class=\"et_pb_text_inner\"><p><span style=\"color: var( --e-global-color-text ); font-family: var( --e-global-typography-text-font-family ), Sans-serif; font-weight: var( --e-global-typography-text-font-weight ); text-align: var(--text-align); font-size: 1rem;\">Si usted es propietario de una vivienda y necesita asistencia inmediata, le recomendamos que se comunique con su administrador hipotecario para explorar las opciones de mitigaci\u00f3n de p\u00e9rdidas (\u201closs mitigation\u201d) que le puedan proveer una soluci\u00f3n m\u00e1s inmediata. Tambi\u00e9n puede comunicarse con nuestros socios en las Agencias de Asesoramiento de Vivienda haciendo clic en el enlace a continuaci\u00f3n.<\/span><\/p><\/div><\/div><\/div><\/div>\t\t\t\t\t\t\t\t<\/div>\n\t\t\t\t<\/div>\n\t\t\t\t<div class=\"elementor-element elementor-element-dcf5177 elementor-align-center elementor-widget__width-initial elementor-widget elementor-widget-button\" data-id=\"dcf5177\" data-element_type=\"widget\" data-e-type=\"widget\" data-widget_type=\"button.default\">\n\t\t\t\t<div class=\"elementor-widget-container\">\n\t\t\t\t\t\t\t\t\t<div class=\"elementor-button-wrapper\">\n\t\t\t\t\t<a class=\"elementor-button elementor-button-link elementor-size-sm\" href=\"https:\/\/pahaf.org\/es\/housing-counseling-agencies\/\">\n\t\t\t\t\t\t<span class=\"elementor-button-content-wrapper\">\n\t\t\t\t\t\t\t\t\t<span class=\"elementor-button-text\">Agencias de Asesor\u00eda de Viviendas<\/span>\n\t\t\t\t\t<\/span>\n\t\t\t\t\t<\/a>\n\t\t\t\t<\/div>\n\t\t\t\t\t\t\t\t<\/div>\n\t\t\t\t<\/div>\n\t\t\t\t\t<\/div>\n\t\t\t\t<\/div>\n\t\t\t\t\t<\/div>\n\t\t\t\t<\/div>\n\t\t\t\t<\/div>","protected":false},"excerpt":{"rendered":"<p>The PAHAF program is no longer accepting new applications. Required documents may include: Copy of government-issued photo ID for all homeowner applicants Copy of your Social Security or Tax Identification card, OR Submission of income tax related forms such as 1040s, W2s, 1099s, etc., showing the last four digits of your Social Security number or [&hellip;]<\/p>\n","protected":false},"author":1,"featured_media":1983,"parent":0,"menu_order":0,"comment_status":"closed","ping_status":"closed","template":"","meta":{"footnotes":""},"class_list":["post-39","page","type-page","status-publish","has-post-thumbnail","hentry"],"yoast_head":"<!-- This site is optimized with the Yoast SEO plugin v27.3 - https:\/\/yoast.com\/product\/yoast-seo-wordpress\/ -->\n<title>What Do I Need to Apply? &#8212; Pennsylvania Homeowner Assistance Fund<\/title>\n<meta name=\"description\" content=\"Find out what eligible homeowners need to apply for the Pennsylvania Homeowner Assistance Fund program.\" \/>\n<meta name=\"robots\" content=\"index, follow, max-snippet:-1, max-image-preview:large, max-video-preview:-1\" \/>\n<link rel=\"canonical\" href=\"https:\/\/pahaf.org\/es\/what-do-i-need-to-apply\/\" \/>\n<meta property=\"og:locale\" content=\"es_ES\" \/>\n<meta property=\"og:type\" content=\"article\" \/>\n<meta property=\"og:title\" content=\"What Do I Need to Apply? &#8212; Pennsylvania Homeowner Assistance Fund\" \/>\n<meta property=\"og:description\" content=\"Find out what eligible homeowners need to apply for the Pennsylvania Homeowner Assistance Fund program.\" \/>\n<meta property=\"og:url\" content=\"https:\/\/pahaf.org\/es\/what-do-i-need-to-apply\/\" \/>\n<meta property=\"og:site_name\" content=\"Pennsylvania Homeowner Assistance Fund\" \/>\n<meta property=\"article:publisher\" content=\"https:\/\/www.facebook.com\/phfa.org\/\" \/>\n<meta property=\"article:modified_time\" content=\"2025-04-01T11:22:48+00:00\" \/>\n<meta property=\"og:image\" content=\"https:\/\/pahaf.org\/wp-content\/uploads\/2023\/06\/image_section_01.jpeg\" \/>\n\t<meta property=\"og:image:width\" content=\"1920\" \/>\n\t<meta property=\"og:image:height\" content=\"1080\" \/>\n\t<meta property=\"og:image:type\" content=\"image\/jpeg\" \/>\n<meta name=\"twitter:card\" content=\"summary_large_image\" \/>\n<meta name=\"twitter:site\" content=\"@PHFAtweets\" \/>\n<meta name=\"twitter:label1\" content=\"Tiempo de lectura\" \/>\n\t<meta name=\"twitter:data1\" content=\"2 minutos\" \/>\n<script type=\"application\/ld+json\" class=\"yoast-schema-graph\">{\"@context\":\"https:\\\/\\\/schema.org\",\"@graph\":[{\"@type\":\"WebPage\",\"@id\":\"https:\\\/\\\/pahaf.org\\\/what-do-i-need-to-apply\\\/\",\"url\":\"https:\\\/\\\/pahaf.org\\\/what-do-i-need-to-apply\\\/\",\"name\":\"What Do I Need to Apply? &#8212; Pennsylvania Homeowner Assistance Fund\",\"isPartOf\":{\"@id\":\"https:\\\/\\\/pahaf.org\\\/#website\"},\"primaryImageOfPage\":{\"@id\":\"https:\\\/\\\/pahaf.org\\\/what-do-i-need-to-apply\\\/#primaryimage\"},\"image\":{\"@id\":\"https:\\\/\\\/pahaf.org\\\/what-do-i-need-to-apply\\\/#primaryimage\"},\"thumbnailUrl\":\"https:\\\/\\\/pahaf.org\\\/wp-content\\\/uploads\\\/2023\\\/06\\\/image_section_01.jpeg\",\"datePublished\":\"2023-06-13T23:38:53+00:00\",\"dateModified\":\"2025-04-01T11:22:48+00:00\",\"description\":\"Find out what eligible homeowners need to apply for the Pennsylvania Homeowner Assistance Fund program.\",\"breadcrumb\":{\"@id\":\"https:\\\/\\\/pahaf.org\\\/what-do-i-need-to-apply\\\/#breadcrumb\"},\"inLanguage\":\"es\",\"potentialAction\":[{\"@type\":\"ReadAction\",\"target\":[\"https:\\\/\\\/pahaf.org\\\/what-do-i-need-to-apply\\\/\"]}]},{\"@type\":\"ImageObject\",\"inLanguage\":\"es\",\"@id\":\"https:\\\/\\\/pahaf.org\\\/what-do-i-need-to-apply\\\/#primaryimage\",\"url\":\"https:\\\/\\\/pahaf.org\\\/wp-content\\\/uploads\\\/2023\\\/06\\\/image_section_01.jpeg\",\"contentUrl\":\"https:\\\/\\\/pahaf.org\\\/wp-content\\\/uploads\\\/2023\\\/06\\\/image_section_01.jpeg\",\"width\":1920,\"height\":1080,\"caption\":\"Bird's-eye view of suburban homes.\"},{\"@type\":\"BreadcrumbList\",\"@id\":\"https:\\\/\\\/pahaf.org\\\/what-do-i-need-to-apply\\\/#breadcrumb\",\"itemListElement\":[{\"@type\":\"ListItem\",\"position\":1,\"name\":\"Home\",\"item\":\"https:\\\/\\\/pahaf.org\\\/\"},{\"@type\":\"ListItem\",\"position\":2,\"name\":\"What Do I Need to Apply?\"}]},{\"@type\":\"WebSite\",\"@id\":\"https:\\\/\\\/pahaf.org\\\/#website\",\"url\":\"https:\\\/\\\/pahaf.org\\\/\",\"name\":\"Pennsylvania Homeowner Assistance Fund\",\"description\":\"\",\"publisher\":{\"@id\":\"https:\\\/\\\/pahaf.org\\\/#organization\"},\"alternateName\":\"PAHAF\",\"potentialAction\":[{\"@type\":\"SearchAction\",\"target\":{\"@type\":\"EntryPoint\",\"urlTemplate\":\"https:\\\/\\\/pahaf.org\\\/?s={search_term_string}\"},\"query-input\":{\"@type\":\"PropertyValueSpecification\",\"valueRequired\":true,\"valueName\":\"search_term_string\"}}],\"inLanguage\":\"es\"},{\"@type\":\"Organization\",\"@id\":\"https:\\\/\\\/pahaf.org\\\/#organization\",\"name\":\"Pennsylvania Homeowner Assistance Fund\",\"alternateName\":\"PAHAF\",\"url\":\"https:\\\/\\\/pahaf.org\\\/\",\"logo\":{\"@type\":\"ImageObject\",\"inLanguage\":\"es\",\"@id\":\"https:\\\/\\\/pahaf.org\\\/#\\\/schema\\\/logo\\\/image\\\/\",\"url\":\"https:\\\/\\\/pahaf.org\\\/wp-content\\\/uploads\\\/2023\\\/06\\\/PAHAF-logo-sq.jpg\",\"contentUrl\":\"https:\\\/\\\/pahaf.org\\\/wp-content\\\/uploads\\\/2023\\\/06\\\/PAHAF-logo-sq.jpg\",\"width\":1200,\"height\":1201,\"caption\":\"Pennsylvania Homeowner Assistance Fund\"},\"image\":{\"@id\":\"https:\\\/\\\/pahaf.org\\\/#\\\/schema\\\/logo\\\/image\\\/\"},\"sameAs\":[\"https:\\\/\\\/www.facebook.com\\\/phfa.org\\\/\",\"https:\\\/\\\/x.com\\\/PHFAtweets\"]}]}<\/script>\n<!-- \/ Yoast SEO plugin. -->","yoast_head_json":{"title":"What Do I Need to Apply? &#8212; Pennsylvania Homeowner Assistance Fund","description":"Find out what eligible homeowners need to apply for the Pennsylvania Homeowner Assistance Fund program.","robots":{"index":"index","follow":"follow","max-snippet":"max-snippet:-1","max-image-preview":"max-image-preview:large","max-video-preview":"max-video-preview:-1"},"canonical":"https:\/\/pahaf.org\/es\/what-do-i-need-to-apply\/","og_locale":"es_ES","og_type":"article","og_title":"What Do I Need to Apply? &#8212; Pennsylvania Homeowner Assistance Fund","og_description":"Find out what eligible homeowners need to apply for the Pennsylvania Homeowner Assistance Fund program.","og_url":"https:\/\/pahaf.org\/es\/what-do-i-need-to-apply\/","og_site_name":"Pennsylvania Homeowner Assistance Fund","article_publisher":"https:\/\/www.facebook.com\/phfa.org\/","article_modified_time":"2025-04-01T11:22:48+00:00","og_image":[{"width":1920,"height":1080,"url":"https:\/\/pahaf.org\/wp-content\/uploads\/2023\/06\/image_section_01.jpeg","type":"image\/jpeg"}],"twitter_card":"summary_large_image","twitter_site":"@PHFAtweets","twitter_misc":{"Tiempo de lectura":"2 minutos"},"schema":{"@context":"https:\/\/schema.org","@graph":[{"@type":"WebPage","@id":"https:\/\/pahaf.org\/what-do-i-need-to-apply\/","url":"https:\/\/pahaf.org\/what-do-i-need-to-apply\/","name":"What Do I Need to Apply? &#8212; Pennsylvania Homeowner Assistance Fund","isPartOf":{"@id":"https:\/\/pahaf.org\/#website"},"primaryImageOfPage":{"@id":"https:\/\/pahaf.org\/what-do-i-need-to-apply\/#primaryimage"},"image":{"@id":"https:\/\/pahaf.org\/what-do-i-need-to-apply\/#primaryimage"},"thumbnailUrl":"https:\/\/pahaf.org\/wp-content\/uploads\/2023\/06\/image_section_01.jpeg","datePublished":"2023-06-13T23:38:53+00:00","dateModified":"2025-04-01T11:22:48+00:00","description":"Find out what eligible homeowners need to apply for the Pennsylvania Homeowner Assistance Fund program.","breadcrumb":{"@id":"https:\/\/pahaf.org\/what-do-i-need-to-apply\/#breadcrumb"},"inLanguage":"es","potentialAction":[{"@type":"ReadAction","target":["https:\/\/pahaf.org\/what-do-i-need-to-apply\/"]}]},{"@type":"ImageObject","inLanguage":"es","@id":"https:\/\/pahaf.org\/what-do-i-need-to-apply\/#primaryimage","url":"https:\/\/pahaf.org\/wp-content\/uploads\/2023\/06\/image_section_01.jpeg","contentUrl":"https:\/\/pahaf.org\/wp-content\/uploads\/2023\/06\/image_section_01.jpeg","width":1920,"height":1080,"caption":"Bird's-eye view of suburban homes."},{"@type":"BreadcrumbList","@id":"https:\/\/pahaf.org\/what-do-i-need-to-apply\/#breadcrumb","itemListElement":[{"@type":"ListItem","position":1,"name":"Home","item":"https:\/\/pahaf.org\/"},{"@type":"ListItem","position":2,"name":"What Do I Need to Apply?"}]},{"@type":"WebSite","@id":"https:\/\/pahaf.org\/#website","url":"https:\/\/pahaf.org\/","name":"Fondo de Asistencia para Propietarios de Vivienda de Pensilvania","description":"","publisher":{"@id":"https:\/\/pahaf.org\/#organization"},"alternateName":"PAHAF","potentialAction":[{"@type":"SearchAction","target":{"@type":"EntryPoint","urlTemplate":"https:\/\/pahaf.org\/?s={search_term_string}"},"query-input":{"@type":"PropertyValueSpecification","valueRequired":true,"valueName":"search_term_string"}}],"inLanguage":"es"},{"@type":"Organization","@id":"https:\/\/pahaf.org\/#organization","name":"Fondo de Asistencia para Propietarios de Vivienda de Pensilvania","alternateName":"PAHAF","url":"https:\/\/pahaf.org\/","logo":{"@type":"ImageObject","inLanguage":"es","@id":"https:\/\/pahaf.org\/#\/schema\/logo\/image\/","url":"https:\/\/pahaf.org\/wp-content\/uploads\/2023\/06\/PAHAF-logo-sq.jpg","contentUrl":"https:\/\/pahaf.org\/wp-content\/uploads\/2023\/06\/PAHAF-logo-sq.jpg","width":1200,"height":1201,"caption":"Pennsylvania Homeowner Assistance Fund"},"image":{"@id":"https:\/\/pahaf.org\/#\/schema\/logo\/image\/"},"sameAs":["https:\/\/www.facebook.com\/phfa.org\/","https:\/\/x.com\/PHFAtweets"]}]}},"_links":{"self":[{"href":"https:\/\/pahaf.org\/es\/wp-json\/wp\/v2\/pages\/39","targetHints":{"allow":["GET"]}}],"collection":[{"href":"https:\/\/pahaf.org\/es\/wp-json\/wp\/v2\/pages"}],"about":[{"href":"https:\/\/pahaf.org\/es\/wp-json\/wp\/v2\/types\/page"}],"author":[{"embeddable":true,"href":"https:\/\/pahaf.org\/es\/wp-json\/wp\/v2\/users\/1"}],"replies":[{"embeddable":true,"href":"https:\/\/pahaf.org\/es\/wp-json\/wp\/v2\/comments?post=39"}],"version-history":[{"count":36,"href":"https:\/\/pahaf.org\/es\/wp-json\/wp\/v2\/pages\/39\/revisions"}],"predecessor-version":[{"id":3207,"href":"https:\/\/pahaf.org\/es\/wp-json\/wp\/v2\/pages\/39\/revisions\/3207"}],"wp:featuredmedia":[{"embeddable":true,"href":"https:\/\/pahaf.org\/es\/wp-json\/wp\/v2\/media\/1983"}],"wp:attachment":[{"href":"https:\/\/pahaf.org\/es\/wp-json\/wp\/v2\/media?parent=39"}],"curies":[{"name":"wp","href":"https:\/\/api.w.org\/{rel}","templated":true}]}}