{"id":35,"date":"2023-06-13T23:38:21","date_gmt":"2023-06-13T23:38:21","guid":{"rendered":"https:\/\/pahaf.org\/?page_id=35"},"modified":"2023-06-16T15:03:24","modified_gmt":"2023-06-16T15:03:24","slug":"am-i-eligible","status":"publish","type":"page","link":"https:\/\/pahaf.org\/es\/am-i-eligible\/","title":{"rendered":"\u00bfSoy Elegible?"},"content":{"rendered":"<div data-elementor-type=\"wp-page\" data-elementor-id=\"35\" class=\"elementor elementor-35\" data-elementor-post-type=\"page\">\n\t\t\t\t<div class=\"elementor-element elementor-element-8e5f85e e-flex e-con-boxed e-con e-parent\" data-id=\"8e5f85e\" data-element_type=\"container\" data-e-type=\"container\">\n\t\t\t\t\t<div class=\"e-con-inner\">\n\t\t\t\t<div class=\"elementor-element elementor-element-0be1de0 elementor-widget elementor-widget-text-editor\" data-id=\"0be1de0\" data-element_type=\"widget\" data-e-type=\"widget\" data-widget_type=\"text-editor.default\">\n\t\t\t\t<div class=\"elementor-widget-container\">\n\t\t\t\t\t\t\t\t\t<p>A partir del 1 de febrero de 2022, el Programa comenzar\u00e1 a aceptar solicitudes de propietarios de viviendas elegibles de Pennsylvania que cumplan con los siguientes criterios:<\/p>\t\t\t\t\t\t\t\t<\/div>\n\t\t\t\t<\/div>\n\t\t<div class=\"elementor-element elementor-element-e2da5ae e-flex e-con-boxed e-con e-child\" data-id=\"e2da5ae\" data-element_type=\"container\" data-e-type=\"container\">\n\t\t\t\t\t<div class=\"e-con-inner\">\n\t\t<div class=\"elementor-element elementor-element-b984075 has-dark-bground e-flex e-con-boxed e-con e-child\" data-id=\"b984075\" data-element_type=\"container\" data-e-type=\"container\" data-settings=\"{&quot;background_background&quot;:&quot;classic&quot;}\">\n\t\t\t\t\t<div class=\"e-con-inner\">\n\t\t\t\t<div class=\"elementor-element elementor-element-d188785 elementor-widget__width-initial elementor-widget-tablet__width-initial elementor-widget elementor-widget-image\" data-id=\"d188785\" data-element_type=\"widget\" data-e-type=\"widget\" data-widget_type=\"image.default\">\n\t\t\t\t<div class=\"elementor-widget-container\">\n\t\t\t\t\t\t\t\t\t\t\t\t\t\t\t<img decoding=\"async\" width=\"75\" height=\"75\" src=\"https:\/\/pahaf.org\/wp-content\/uploads\/2023\/06\/house_white.png\" class=\"attachment-large size-large wp-image-134\" alt=\"House icon\" \/>\t\t\t\t\t\t\t\t\t\t\t\t\t\t\t<\/div>\n\t\t\t\t<\/div>\n\t\t\t\t<div class=\"elementor-element elementor-element-a9df6b6 elementor-widget elementor-widget-text-editor\" data-id=\"a9df6b6\" data-element_type=\"widget\" data-e-type=\"widget\" data-widget_type=\"text-editor.default\">\n\t\t\t\t<div class=\"elementor-widget-container\">\n\t\t\t\t\t\t\t\t\t<p>El propietario posee y ocupa la propiedad como su residencia principal.<\/p>\t\t\t\t\t\t\t\t<\/div>\n\t\t\t\t<\/div>\n\t\t\t\t\t<\/div>\n\t\t\t\t<\/div>\n\t\t<div class=\"elementor-element elementor-element-8019635 has-dark-bground e-flex e-con-boxed e-con e-child\" data-id=\"8019635\" data-element_type=\"container\" data-e-type=\"container\" data-settings=\"{&quot;background_background&quot;:&quot;classic&quot;}\">\n\t\t\t\t\t<div class=\"e-con-inner\">\n\t\t\t\t<div class=\"elementor-element elementor-element-3060397 elementor-widget__width-initial elementor-widget-tablet__width-initial elementor-widget elementor-widget-image\" data-id=\"3060397\" data-element_type=\"widget\" data-e-type=\"widget\" data-widget_type=\"image.default\">\n\t\t\t\t<div class=\"elementor-widget-container\">\n\t\t\t\t\t\t\t\t\t\t\t\t\t\t\t<img decoding=\"async\" width=\"75\" height=\"75\" src=\"https:\/\/pahaf.org\/wp-content\/uploads\/2023\/06\/house_white.png\" class=\"attachment-large size-large wp-image-134\" alt=\"House icon\" \/>\t\t\t\t\t\t\t\t\t\t\t\t\t\t\t<\/div>\n\t\t\t\t<\/div>\n\t\t\t\t<div class=\"elementor-element elementor-element-9ca99b6 elementor-widget elementor-widget-text-editor\" data-id=\"9ca99b6\" data-element_type=\"widget\" data-e-type=\"widget\" data-widget_type=\"text-editor.default\">\n\t\t\t\t<div class=\"elementor-widget-container\">\n\t\t\t\t\t\t\t\t\t<p>La propiedad est\u00e1 ubicada en Pennsylvania.<\/p>\t\t\t\t\t\t\t\t<\/div>\n\t\t\t\t<\/div>\n\t\t\t\t\t<\/div>\n\t\t\t\t<\/div>\n\t\t<div class=\"elementor-element elementor-element-2e64bc7 has-dark-bground e-flex e-con-boxed e-con e-child\" data-id=\"2e64bc7\" data-element_type=\"container\" data-e-type=\"container\" data-settings=\"{&quot;background_background&quot;:&quot;classic&quot;}\">\n\t\t\t\t\t<div class=\"e-con-inner\">\n\t\t\t\t<div class=\"elementor-element elementor-element-3159bac elementor-widget__width-initial elementor-widget-tablet__width-initial elementor-widget elementor-widget-image\" data-id=\"3159bac\" data-element_type=\"widget\" data-e-type=\"widget\" data-widget_type=\"image.default\">\n\t\t\t\t<div class=\"elementor-widget-container\">\n\t\t\t\t\t\t\t\t\t\t\t\t\t\t\t<img decoding=\"async\" width=\"75\" height=\"75\" src=\"https:\/\/pahaf.org\/wp-content\/uploads\/2023\/06\/house_white.png\" class=\"attachment-large size-large wp-image-134\" alt=\"House icon\" \/>\t\t\t\t\t\t\t\t\t\t\t\t\t\t\t<\/div>\n\t\t\t\t<\/div>\n\t\t\t\t<div class=\"elementor-element elementor-element-d0e2b91 elementor-widget elementor-widget-text-editor\" data-id=\"d0e2b91\" data-element_type=\"widget\" data-e-type=\"widget\" data-widget_type=\"text-editor.default\">\n\t\t\t\t<div class=\"elementor-widget-container\">\n\t\t\t\t\t\t\t\t\t<p>El propietario ha experimentado dificultades financieras como resultado de la pandemia de COVID-19 desde el 21 de enero de 2020 y est\u00e1 buscando ayuda con la hipoteca vencida y los gastos relacionados con la vivienda. Esto puede incluir una dificultad financiera calificada que comenz\u00f3 antes del 21 de enero de 2020 y continu\u00f3 despu\u00e9s de esa fecha.<\/p>\t\t\t\t\t\t\t\t<\/div>\n\t\t\t\t<\/div>\n\t\t\t\t\t<\/div>\n\t\t\t\t<\/div>\n\t\t<div class=\"elementor-element elementor-element-37b37c5 has-dark-bground e-flex e-con-boxed e-con e-child\" data-id=\"37b37c5\" data-element_type=\"container\" data-e-type=\"container\" data-settings=\"{&quot;background_background&quot;:&quot;classic&quot;}\">\n\t\t\t\t\t<div class=\"e-con-inner\">\n\t\t\t\t<div class=\"elementor-element elementor-element-ec05f97 elementor-widget__width-initial elementor-widget-tablet__width-initial elementor-widget elementor-widget-image\" data-id=\"ec05f97\" data-element_type=\"widget\" data-e-type=\"widget\" data-widget_type=\"image.default\">\n\t\t\t\t<div class=\"elementor-widget-container\">\n\t\t\t\t\t\t\t\t\t\t\t\t\t\t\t<img decoding=\"async\" width=\"75\" height=\"75\" src=\"https:\/\/pahaf.org\/wp-content\/uploads\/2023\/06\/house_white.png\" class=\"attachment-large size-large wp-image-134\" alt=\"House icon\" \/>\t\t\t\t\t\t\t\t\t\t\t\t\t\t\t<\/div>\n\t\t\t\t<\/div>\n\t\t\t\t<div class=\"elementor-element elementor-element-07e9355 elementor-widget elementor-widget-text-editor\" data-id=\"07e9355\" data-element_type=\"widget\" data-e-type=\"widget\" data-widget_type=\"text-editor.default\">\n\t\t\t\t<div class=\"elementor-widget-container\">\n\t\t\t\t\t\t\t\t\t<p>El propietario de la vivienda tiene al menos 30 d\u00edas de atraso en los pagos de la hipoteca y \/ o los gastos relacionados con la vivienda para los que est\u00e1 solicitando asistencia de PAHAF, a excepci\u00f3n de la asistencia hipotecaria a plazo, para la cual, como una opci\u00f3n independiente, los pagos de la hipoteca no pueden ser morosos para recibir fondos.<\/p>\t\t\t\t\t\t\t\t<\/div>\n\t\t\t\t<\/div>\n\t\t\t\t\t<\/div>\n\t\t\t\t<\/div>\n\t\t<div class=\"elementor-element elementor-element-733f98c has-dark-bground e-flex e-con-boxed e-con e-child\" data-id=\"733f98c\" data-element_type=\"container\" data-e-type=\"container\" data-settings=\"{&quot;background_background&quot;:&quot;classic&quot;}\">\n\t\t\t\t\t<div class=\"e-con-inner\">\n\t\t\t\t<div class=\"elementor-element elementor-element-802a814 elementor-widget__width-initial elementor-widget-tablet__width-initial elementor-widget elementor-widget-image\" data-id=\"802a814\" data-element_type=\"widget\" data-e-type=\"widget\" data-widget_type=\"image.default\">\n\t\t\t\t<div class=\"elementor-widget-container\">\n\t\t\t\t\t\t\t\t\t\t\t\t\t\t\t<img decoding=\"async\" width=\"75\" height=\"75\" src=\"https:\/\/pahaf.org\/wp-content\/uploads\/2023\/06\/house_white.png\" class=\"attachment-large size-large wp-image-134\" alt=\"House icon\" \/>\t\t\t\t\t\t\t\t\t\t\t\t\t\t\t<\/div>\n\t\t\t\t<\/div>\n\t\t\t\t<div class=\"elementor-element elementor-element-8ff09d3 elementor-widget elementor-widget-text-editor\" data-id=\"8ff09d3\" data-element_type=\"widget\" data-e-type=\"widget\" data-widget_type=\"text-editor.default\">\n\t\t\t\t<div class=\"elementor-widget-container\">\n\t\t\t\t\t\t\t\t\t<p class=\"translation-block\">Los ingresos del hogar no deben exceder el 150% del ingreso medio del \u00e1rea (AMI, por sus siglas en ingl\u00e9s). <a href=\"https:\/\/www.huduser.gov\/portal\/datasets\/haf-il.html?fbclid=IwAR0LfIHxil0mgrLbf5PVpeWsImQ9MO_xpi7aB3YmhHbp6rvsk6-cjY-JC-E\" target=\"_self\">Presione aqu\u00ed<\/a> para determinar si su ingreso es elegible para el PAHAF y revise los detalles de la priorizaci\u00f3n de ingresos a continuaci\u00f3n.<\/p>\t\t\t\t\t\t\t\t<\/div>\n\t\t\t\t<\/div>\n\t\t\t\t\t<\/div>\n\t\t\t\t<\/div>\n\t\t<div class=\"elementor-element elementor-element-6d74388 has-dark-bground e-flex e-con-boxed e-con e-child\" data-id=\"6d74388\" data-element_type=\"container\" data-e-type=\"container\" data-settings=\"{&quot;background_background&quot;:&quot;classic&quot;}\">\n\t\t\t\t\t<div class=\"e-con-inner\">\n\t\t\t\t<div class=\"elementor-element elementor-element-13dfb7c elementor-widget__width-initial elementor-widget-tablet__width-initial elementor-widget elementor-widget-image\" data-id=\"13dfb7c\" data-element_type=\"widget\" data-e-type=\"widget\" data-widget_type=\"image.default\">\n\t\t\t\t<div class=\"elementor-widget-container\">\n\t\t\t\t\t\t\t\t\t\t\t\t\t\t\t<img decoding=\"async\" width=\"75\" height=\"75\" src=\"https:\/\/pahaf.org\/wp-content\/uploads\/2023\/06\/house_white.png\" class=\"attachment-large size-large wp-image-134\" alt=\"House icon\" \/>\t\t\t\t\t\t\t\t\t\t\t\t\t\t\t<\/div>\n\t\t\t\t<\/div>\n\t\t\t\t<div class=\"elementor-element elementor-element-bb4e06b elementor-widget elementor-widget-text-editor\" data-id=\"bb4e06b\" data-element_type=\"widget\" data-e-type=\"widget\" data-widget_type=\"text-editor.default\">\n\t\t\t\t<div class=\"elementor-widget-container\">\n\t\t\t\t\t\t\t\t\t<p class=\"translation-block\">La primera hipoteca del propietario es un pr\u00e9stamo conforme y cumple con los l\u00edmites federales para el a\u00f1o en que se tom\u00f3 el pr\u00e9stamo. (Consulte las <a href=\"\/es\/faqs\/\">Preguntas Frecuentes<\/a> para obtener m\u00e1s detalles).<\/p>\t\t\t\t\t\t\t\t<\/div>\n\t\t\t\t<\/div>\n\t\t\t\t\t<\/div>\n\t\t\t\t<\/div>\n\t\t<div class=\"elementor-element elementor-element-f7d2115 has-dark-bground e-flex e-con-boxed e-con e-child\" data-id=\"f7d2115\" data-element_type=\"container\" data-e-type=\"container\" data-settings=\"{&quot;background_background&quot;:&quot;classic&quot;}\">\n\t\t\t\t\t<div class=\"e-con-inner\">\n\t\t\t\t<div class=\"elementor-element elementor-element-863e0b9 elementor-widget__width-initial elementor-widget-tablet__width-initial elementor-widget elementor-widget-image\" data-id=\"863e0b9\" data-element_type=\"widget\" data-e-type=\"widget\" data-widget_type=\"image.default\">\n\t\t\t\t<div class=\"elementor-widget-container\">\n\t\t\t\t\t\t\t\t\t\t\t\t\t\t\t<img decoding=\"async\" width=\"75\" height=\"75\" src=\"https:\/\/pahaf.org\/wp-content\/uploads\/2023\/06\/house_white.png\" class=\"attachment-large size-large wp-image-134\" alt=\"House icon\" \/>\t\t\t\t\t\t\t\t\t\t\t\t\t\t\t<\/div>\n\t\t\t\t<\/div>\n\t\t\t\t<div class=\"elementor-element elementor-element-0218d1e elementor-widget elementor-widget-text-editor\" data-id=\"0218d1e\" data-element_type=\"widget\" data-e-type=\"widget\" data-widget_type=\"text-editor.default\">\n\t\t\t\t<div class=\"elementor-widget-container\">\n\t\t\t\t\t\t\t\t\t<p class=\"translation-block\">El propietario de vivienda no puede recibir la misma asistencia para el pago de la hipoteca, el restablecimiento de la hipoteca, los cargos de propiedad y\/o el pago de utilidades de otra fuente federal, estatal, local, sin fines de lucro o tribal.<\/p>\t\t\t\t\t\t\t\t<\/div>\n\t\t\t\t<\/div>\n\t\t\t\t\t<\/div>\n\t\t\t\t<\/div>\n\t\t\t\t\t<\/div>\n\t\t\t\t<\/div>\n\t\t\t\t\t<\/div>\n\t\t\t\t<\/div>\n\t\t\t\t<\/div>","protected":false},"excerpt":{"rendered":"<p>The Program will accept applications from eligible, Pennsylvania homeowners who meet the following criteria: Homeowner owns and occupies the property as their primary residence. Property is in Pennsylvania. Homeowner has experienced a financial hardship as a result of the COVID-19 pandemic since January 21, 2020, and is seeking assistance with past due mortgage and housing-related [&hellip;]<\/p>\n","protected":false},"author":1,"featured_media":1982,"parent":0,"menu_order":0,"comment_status":"closed","ping_status":"closed","template":"","meta":{"footnotes":""},"class_list":["post-35","page","type-page","status-publish","has-post-thumbnail","hentry"],"yoast_head":"<!-- This site is optimized with the Yoast SEO plugin v27.3 - https:\/\/yoast.com\/product\/yoast-seo-wordpress\/ -->\n<title>Am I Eligible? &#8212; Pennsylvania Homeowner Assistance Fund<\/title>\n<meta name=\"description\" content=\"If you&#039;re a Pennsylvania homeowner and need assistance, find out if you meet the criteria for the Pennsylvania Homeowner Assistance Fund program.\" \/>\n<meta name=\"robots\" content=\"index, follow, max-snippet:-1, max-image-preview:large, max-video-preview:-1\" \/>\n<link rel=\"canonical\" href=\"https:\/\/pahaf.org\/es\/am-i-eligible\/\" \/>\n<meta property=\"og:locale\" content=\"es_ES\" \/>\n<meta property=\"og:type\" content=\"article\" \/>\n<meta property=\"og:title\" content=\"Am I Eligible? &#8212; Pennsylvania Homeowner Assistance Fund\" \/>\n<meta property=\"og:description\" content=\"If you&#039;re a Pennsylvania homeowner and need assistance, find out if you meet the criteria for the Pennsylvania Homeowner Assistance Fund program.\" \/>\n<meta property=\"og:url\" content=\"https:\/\/pahaf.org\/es\/am-i-eligible\/\" \/>\n<meta property=\"og:site_name\" content=\"Pennsylvania Homeowner Assistance Fund\" \/>\n<meta property=\"article:publisher\" content=\"https:\/\/www.facebook.com\/phfa.org\/\" \/>\n<meta property=\"article:modified_time\" content=\"2023-06-16T15:03:24+00:00\" \/>\n<meta property=\"og:image\" content=\"https:\/\/pahaf.org\/wp-content\/uploads\/2023\/06\/header_fishtown-1-1024x576.jpeg\" \/>\n\t<meta property=\"og:image:width\" content=\"1024\" \/>\n\t<meta property=\"og:image:height\" content=\"576\" \/>\n\t<meta property=\"og:image:type\" content=\"image\/jpeg\" \/>\n<meta name=\"twitter:card\" content=\"summary_large_image\" \/>\n<meta name=\"twitter:site\" content=\"@PHFAtweets\" \/>\n<meta name=\"twitter:label1\" content=\"Tiempo de lectura\" \/>\n\t<meta name=\"twitter:data1\" content=\"3 minutos\" \/>\n<script type=\"application\/ld+json\" class=\"yoast-schema-graph\">{\"@context\":\"https:\\\/\\\/schema.org\",\"@graph\":[{\"@type\":\"WebPage\",\"@id\":\"https:\\\/\\\/pahaf.org\\\/am-i-eligible\\\/\",\"url\":\"https:\\\/\\\/pahaf.org\\\/am-i-eligible\\\/\",\"name\":\"Am I Eligible? &#8212; Pennsylvania Homeowner Assistance Fund\",\"isPartOf\":{\"@id\":\"https:\\\/\\\/pahaf.org\\\/#website\"},\"primaryImageOfPage\":{\"@id\":\"https:\\\/\\\/pahaf.org\\\/am-i-eligible\\\/#primaryimage\"},\"image\":{\"@id\":\"https:\\\/\\\/pahaf.org\\\/am-i-eligible\\\/#primaryimage\"},\"thumbnailUrl\":\"https:\\\/\\\/pahaf.org\\\/wp-content\\\/uploads\\\/2023\\\/06\\\/header_fishtown-1.jpeg\",\"datePublished\":\"2023-06-13T23:38:21+00:00\",\"dateModified\":\"2023-06-16T15:03:24+00:00\",\"description\":\"If you're a Pennsylvania homeowner and need assistance, find out if you meet the criteria for the Pennsylvania Homeowner Assistance Fund program.\",\"breadcrumb\":{\"@id\":\"https:\\\/\\\/pahaf.org\\\/am-i-eligible\\\/#breadcrumb\"},\"inLanguage\":\"es\",\"potentialAction\":[{\"@type\":\"ReadAction\",\"target\":[\"https:\\\/\\\/pahaf.org\\\/am-i-eligible\\\/\"]}]},{\"@type\":\"ImageObject\",\"inLanguage\":\"es\",\"@id\":\"https:\\\/\\\/pahaf.org\\\/am-i-eligible\\\/#primaryimage\",\"url\":\"https:\\\/\\\/pahaf.org\\\/wp-content\\\/uploads\\\/2023\\\/06\\\/header_fishtown-1.jpeg\",\"contentUrl\":\"https:\\\/\\\/pahaf.org\\\/wp-content\\\/uploads\\\/2023\\\/06\\\/header_fishtown-1.jpeg\",\"width\":1920,\"height\":1080,\"caption\":\"Row houses in Fishtown neighborhood in PA.\"},{\"@type\":\"BreadcrumbList\",\"@id\":\"https:\\\/\\\/pahaf.org\\\/am-i-eligible\\\/#breadcrumb\",\"itemListElement\":[{\"@type\":\"ListItem\",\"position\":1,\"name\":\"Home\",\"item\":\"https:\\\/\\\/pahaf.org\\\/\"},{\"@type\":\"ListItem\",\"position\":2,\"name\":\"Am I Eligible?\"}]},{\"@type\":\"WebSite\",\"@id\":\"https:\\\/\\\/pahaf.org\\\/#website\",\"url\":\"https:\\\/\\\/pahaf.org\\\/\",\"name\":\"Pennsylvania Homeowner Assistance Fund\",\"description\":\"\",\"publisher\":{\"@id\":\"https:\\\/\\\/pahaf.org\\\/#organization\"},\"alternateName\":\"PAHAF\",\"potentialAction\":[{\"@type\":\"SearchAction\",\"target\":{\"@type\":\"EntryPoint\",\"urlTemplate\":\"https:\\\/\\\/pahaf.org\\\/?s={search_term_string}\"},\"query-input\":{\"@type\":\"PropertyValueSpecification\",\"valueRequired\":true,\"valueName\":\"search_term_string\"}}],\"inLanguage\":\"es\"},{\"@type\":\"Organization\",\"@id\":\"https:\\\/\\\/pahaf.org\\\/#organization\",\"name\":\"Pennsylvania Homeowner Assistance Fund\",\"alternateName\":\"PAHAF\",\"url\":\"https:\\\/\\\/pahaf.org\\\/\",\"logo\":{\"@type\":\"ImageObject\",\"inLanguage\":\"es\",\"@id\":\"https:\\\/\\\/pahaf.org\\\/#\\\/schema\\\/logo\\\/image\\\/\",\"url\":\"https:\\\/\\\/pahaf.org\\\/wp-content\\\/uploads\\\/2023\\\/06\\\/PAHAF-logo-sq.jpg\",\"contentUrl\":\"https:\\\/\\\/pahaf.org\\\/wp-content\\\/uploads\\\/2023\\\/06\\\/PAHAF-logo-sq.jpg\",\"width\":1200,\"height\":1201,\"caption\":\"Pennsylvania Homeowner Assistance Fund\"},\"image\":{\"@id\":\"https:\\\/\\\/pahaf.org\\\/#\\\/schema\\\/logo\\\/image\\\/\"},\"sameAs\":[\"https:\\\/\\\/www.facebook.com\\\/phfa.org\\\/\",\"https:\\\/\\\/x.com\\\/PHFAtweets\"]}]}<\/script>\n<!-- \/ Yoast SEO plugin. -->","yoast_head_json":{"title":"Am I Eligible? &#8212; Pennsylvania Homeowner Assistance Fund","description":"If you're a Pennsylvania homeowner and need assistance, find out if you meet the criteria for the Pennsylvania Homeowner Assistance Fund program.","robots":{"index":"index","follow":"follow","max-snippet":"max-snippet:-1","max-image-preview":"max-image-preview:large","max-video-preview":"max-video-preview:-1"},"canonical":"https:\/\/pahaf.org\/es\/am-i-eligible\/","og_locale":"es_ES","og_type":"article","og_title":"Am I Eligible? &#8212; Pennsylvania Homeowner Assistance Fund","og_description":"If you're a Pennsylvania homeowner and need assistance, find out if you meet the criteria for the Pennsylvania Homeowner Assistance Fund program.","og_url":"https:\/\/pahaf.org\/es\/am-i-eligible\/","og_site_name":"Pennsylvania Homeowner Assistance Fund","article_publisher":"https:\/\/www.facebook.com\/phfa.org\/","article_modified_time":"2023-06-16T15:03:24+00:00","og_image":[{"width":1024,"height":576,"url":"https:\/\/pahaf.org\/wp-content\/uploads\/2023\/06\/header_fishtown-1-1024x576.jpeg","type":"image\/jpeg"}],"twitter_card":"summary_large_image","twitter_site":"@PHFAtweets","twitter_misc":{"Tiempo de lectura":"3 minutos"},"schema":{"@context":"https:\/\/schema.org","@graph":[{"@type":"WebPage","@id":"https:\/\/pahaf.org\/am-i-eligible\/","url":"https:\/\/pahaf.org\/am-i-eligible\/","name":"Am I Eligible? &#8212; Pennsylvania Homeowner Assistance Fund","isPartOf":{"@id":"https:\/\/pahaf.org\/#website"},"primaryImageOfPage":{"@id":"https:\/\/pahaf.org\/am-i-eligible\/#primaryimage"},"image":{"@id":"https:\/\/pahaf.org\/am-i-eligible\/#primaryimage"},"thumbnailUrl":"https:\/\/pahaf.org\/wp-content\/uploads\/2023\/06\/header_fishtown-1.jpeg","datePublished":"2023-06-13T23:38:21+00:00","dateModified":"2023-06-16T15:03:24+00:00","description":"If you're a Pennsylvania homeowner and need assistance, find out if you meet the criteria for the Pennsylvania Homeowner Assistance Fund program.","breadcrumb":{"@id":"https:\/\/pahaf.org\/am-i-eligible\/#breadcrumb"},"inLanguage":"es","potentialAction":[{"@type":"ReadAction","target":["https:\/\/pahaf.org\/am-i-eligible\/"]}]},{"@type":"ImageObject","inLanguage":"es","@id":"https:\/\/pahaf.org\/am-i-eligible\/#primaryimage","url":"https:\/\/pahaf.org\/wp-content\/uploads\/2023\/06\/header_fishtown-1.jpeg","contentUrl":"https:\/\/pahaf.org\/wp-content\/uploads\/2023\/06\/header_fishtown-1.jpeg","width":1920,"height":1080,"caption":"Row houses in Fishtown neighborhood in PA."},{"@type":"BreadcrumbList","@id":"https:\/\/pahaf.org\/am-i-eligible\/#breadcrumb","itemListElement":[{"@type":"ListItem","position":1,"name":"Home","item":"https:\/\/pahaf.org\/"},{"@type":"ListItem","position":2,"name":"Am I Eligible?"}]},{"@type":"WebSite","@id":"https:\/\/pahaf.org\/#website","url":"https:\/\/pahaf.org\/","name":"Fondo de Asistencia para Propietarios de Vivienda de Pensilvania","description":"","publisher":{"@id":"https:\/\/pahaf.org\/#organization"},"alternateName":"PAHAF","potentialAction":[{"@type":"SearchAction","target":{"@type":"EntryPoint","urlTemplate":"https:\/\/pahaf.org\/?s={search_term_string}"},"query-input":{"@type":"PropertyValueSpecification","valueRequired":true,"valueName":"search_term_string"}}],"inLanguage":"es"},{"@type":"Organization","@id":"https:\/\/pahaf.org\/#organization","name":"Fondo de Asistencia para Propietarios de Vivienda de Pensilvania","alternateName":"PAHAF","url":"https:\/\/pahaf.org\/","logo":{"@type":"ImageObject","inLanguage":"es","@id":"https:\/\/pahaf.org\/#\/schema\/logo\/image\/","url":"https:\/\/pahaf.org\/wp-content\/uploads\/2023\/06\/PAHAF-logo-sq.jpg","contentUrl":"https:\/\/pahaf.org\/wp-content\/uploads\/2023\/06\/PAHAF-logo-sq.jpg","width":1200,"height":1201,"caption":"Pennsylvania Homeowner Assistance Fund"},"image":{"@id":"https:\/\/pahaf.org\/#\/schema\/logo\/image\/"},"sameAs":["https:\/\/www.facebook.com\/phfa.org\/","https:\/\/x.com\/PHFAtweets"]}]}},"_links":{"self":[{"href":"https:\/\/pahaf.org\/es\/wp-json\/wp\/v2\/pages\/35","targetHints":{"allow":["GET"]}}],"collection":[{"href":"https:\/\/pahaf.org\/es\/wp-json\/wp\/v2\/pages"}],"about":[{"href":"https:\/\/pahaf.org\/es\/wp-json\/wp\/v2\/types\/page"}],"author":[{"embeddable":true,"href":"https:\/\/pahaf.org\/es\/wp-json\/wp\/v2\/users\/1"}],"replies":[{"embeddable":true,"href":"https:\/\/pahaf.org\/es\/wp-json\/wp\/v2\/comments?post=35"}],"version-history":[{"count":11,"href":"https:\/\/pahaf.org\/es\/wp-json\/wp\/v2\/pages\/35\/revisions"}],"predecessor-version":[{"id":147,"href":"https:\/\/pahaf.org\/es\/wp-json\/wp\/v2\/pages\/35\/revisions\/147"}],"wp:featuredmedia":[{"embeddable":true,"href":"https:\/\/pahaf.org\/es\/wp-json\/wp\/v2\/media\/1982"}],"wp:attachment":[{"href":"https:\/\/pahaf.org\/es\/wp-json\/wp\/v2\/media?parent=35"}],"curies":[{"name":"wp","href":"https:\/\/api.w.org\/{rel}","templated":true}]}}