{"id":31,"date":"2023-06-13T23:37:30","date_gmt":"2023-06-13T23:37:30","guid":{"rendered":"https:\/\/pahaf.org\/?page_id=31"},"modified":"2024-08-09T09:22:35","modified_gmt":"2024-08-09T14:22:35","slug":"report-fraud","status":"publish","type":"page","link":"https:\/\/pahaf.org\/es\/report-fraud\/","title":{"rendered":"Denuncia de Fraude, Despilfarro y Abuso"},"content":{"rendered":"<div data-elementor-type=\"wp-page\" data-elementor-id=\"31\" class=\"elementor elementor-31\" data-elementor-post-type=\"page\">\n\t\t\t\t\t\t<section class=\"elementor-section elementor-top-section elementor-element elementor-element-3c78e8f4 elementor-section-boxed elementor-section-height-default elementor-section-height-default\" data-id=\"3c78e8f4\" data-element_type=\"section\" data-e-type=\"section\">\n\t\t\t\t\t\t<div class=\"elementor-container elementor-column-gap-default\">\n\t\t\t\t\t<div class=\"elementor-column elementor-col-100 elementor-top-column elementor-element elementor-element-633488c9\" data-id=\"633488c9\" data-element_type=\"column\" data-e-type=\"column\">\n\t\t\t<div class=\"elementor-widget-wrap elementor-element-populated\">\n\t\t\t\t\t\t<div class=\"elementor-element elementor-element-758d78ba elementor-widget elementor-widget-text-editor\" data-id=\"758d78ba\" data-element_type=\"widget\" data-e-type=\"widget\" data-widget_type=\"text-editor.default\">\n\t\t\t\t<div class=\"elementor-widget-container\">\n\t\t\t\t\t\t\t\t\t<p><\/p>\n<p>Los constituyentes, empleados y contratistas de PAHAF pueden reportar sospechas de fraude, desperdicio y\/o abuso enviando un correo electr\u00f3nico a <a title=\"mailto:afwa@pahaf.org\" href=\"mailto:afwa@pahaf.org\" data-outlook-id=\"cf952b42-0700-4ffe-b714-824e190bcd9c\"><span class=\"EmailStyle17\">afwa@pahaf.org<\/span><\/a>.<\/p>\n<p>Para todas las dem\u00e1s preguntas o inquietudes relacionadas con el programa o las aplicaciones, por favor contacte al Centro de Llamadas al 800-342-2397.<\/p>\n<p>El fraude es el enga\u00f1o intencional o la tergiversaci\u00f3n realizada por una persona con el conocimiento de que el enga\u00f1o podr\u00eda resultar en un beneficio no autorizado para s\u00ed misma o para otra persona.<\/p>\n<p><\/p>\n<p><\/p>\n<p>Si sabe o sospecha que ocurri\u00f3 un fraude relacionado con PAHAF, inf\u00f3rmelo utilizando uno de los m\u00e9todos de notificaci\u00f3n anteriores.<\/p>\n<p><\/p>\n<p><\/p>\n<p>Revise las siguientes descripciones de Fraude, Despilfarro y Abuso:<\/p>\n<p><\/p>\n<p><\/p>\n<ul class=\"wp-block-list\">\n<li style=\"list-style-type: none;\">\n<ul><\/ul>\n<\/li>\n<li class=\"translation-block\">El <strong>fraude<\/strong> es el enga\u00f1o o la tergiversaci\u00f3n intencional (voluntarioso o intencionado) realizada por una persona con el conocimiento de que el enga\u00f1o podr\u00eda resultar en alg\u00fan beneficio no autorizado para s\u00ed misma o para otra persona. Hay muchas maneras de cometer fraude y una de las formas principales encontradas con los programas de asistencia para la pandemia COVID-19 es la certificaci\u00f3n de informaci\u00f3n falsa.<\/li>\n<\/ul>\n<p><\/p>\n<p><\/p>\n<ul>\n<li class=\"translation-block\">El <strong>despilfarro<\/strong> incluye la sobreutilizaci\u00f3n de los servicios, materiales o equipos del PHFA, o causar costos innecesarios por descuido o ineficiencia.<\/li>\n<\/ul>\n<p><\/p>\n<p><\/p>\n<ul>\n<li class=\"translation-block\">El <strong>abuso<\/strong> incluye actividades que resultan en costo innecesarios para PHFA y el Programa PAHAF. Tenga en cuenta que se trata de abuso financiero, no de abuso f\u00edsico o emocional de una persona. El abuso f\u00edsico y emocional de una persona debe notificarse a la polic\u00eda.<\/li>\n<\/ul>\n<p><\/p>\n<p><\/p>\t\t\t\t\t\t\t\t<\/div>\n\t\t\t\t<\/div>\n\t\t\t\t\t<\/div>\n\t\t<\/div>\n\t\t\t\t\t<\/div>\n\t\t<\/section>\n\t\t\t\t<\/div>","protected":false},"excerpt":{"rendered":"<p>PAHAF constituents, employees, and contractors may report suspected fraud, waste, and\/or abuse by emailing afwa@pahaf.org. For all other program or applications questions or concerns, please contact the Call Center at\u00a0800-342-2397. Fraud is the intentional deception or misrepresentation made by a person with the knowledge that the deception could result in an unauthorized benefit to himself\/herself [&hellip;]<\/p>\n","protected":false},"author":1,"featured_media":0,"parent":0,"menu_order":0,"comment_status":"closed","ping_status":"closed","template":"","meta":{"footnotes":""},"class_list":["post-31","page","type-page","status-publish","hentry"],"yoast_head":"<!-- This site is optimized with the Yoast SEO plugin v27.3 - https:\/\/yoast.com\/product\/yoast-seo-wordpress\/ -->\n<title>Reporting Fraud, Waste, and Abuse &#8212; Pennsylvania Homeowner Assistance Fund<\/title>\n<meta name=\"description\" content=\"If you know or suspect fraud occurred related to PAHAF, please report it by using one of the reporting methods in this section.\" \/>\n<meta name=\"robots\" content=\"index, follow, max-snippet:-1, max-image-preview:large, max-video-preview:-1\" \/>\n<link rel=\"canonical\" href=\"https:\/\/pahaf.org\/es\/report-fraud\/\" \/>\n<meta property=\"og:locale\" content=\"es_ES\" \/>\n<meta property=\"og:type\" content=\"article\" \/>\n<meta property=\"og:title\" content=\"Reporting Fraud, Waste, and Abuse &#8212; Pennsylvania Homeowner Assistance Fund\" \/>\n<meta property=\"og:description\" content=\"If you know or suspect fraud occurred related to PAHAF, please report it by using one of the reporting methods in this section.\" \/>\n<meta property=\"og:url\" content=\"https:\/\/pahaf.org\/es\/report-fraud\/\" \/>\n<meta property=\"og:site_name\" content=\"Pennsylvania Homeowner Assistance Fund\" \/>\n<meta property=\"article:publisher\" content=\"https:\/\/www.facebook.com\/phfa.org\/\" \/>\n<meta property=\"article:modified_time\" content=\"2024-08-09T14:22:35+00:00\" \/>\n<meta property=\"og:image\" content=\"https:\/\/pahaf.org\/wp-content\/uploads\/2023\/06\/PAHAF-logo-social-fallback.jpg\" \/>\n\t<meta property=\"og:image:width\" content=\"1200\" \/>\n\t<meta property=\"og:image:height\" content=\"676\" \/>\n\t<meta property=\"og:image:type\" content=\"image\/jpeg\" \/>\n<meta name=\"twitter:card\" content=\"summary_large_image\" \/>\n<meta name=\"twitter:site\" content=\"@PHFAtweets\" \/>\n<meta name=\"twitter:label1\" content=\"Tiempo de lectura\" \/>\n\t<meta name=\"twitter:data1\" content=\"1 minuto\" \/>\n<script type=\"application\/ld+json\" class=\"yoast-schema-graph\">{\"@context\":\"https:\\\/\\\/schema.org\",\"@graph\":[{\"@type\":\"WebPage\",\"@id\":\"https:\\\/\\\/pahaf.org\\\/report-fraud\\\/\",\"url\":\"https:\\\/\\\/pahaf.org\\\/report-fraud\\\/\",\"name\":\"Reporting Fraud, Waste, and Abuse &#8212; Pennsylvania Homeowner Assistance Fund\",\"isPartOf\":{\"@id\":\"https:\\\/\\\/pahaf.org\\\/#website\"},\"datePublished\":\"2023-06-13T23:37:30+00:00\",\"dateModified\":\"2024-08-09T14:22:35+00:00\",\"description\":\"If you know or suspect fraud occurred related to PAHAF, please report it by using one of the reporting methods in this section.\",\"breadcrumb\":{\"@id\":\"https:\\\/\\\/pahaf.org\\\/report-fraud\\\/#breadcrumb\"},\"inLanguage\":\"es\",\"potentialAction\":[{\"@type\":\"ReadAction\",\"target\":[\"https:\\\/\\\/pahaf.org\\\/report-fraud\\\/\"]}]},{\"@type\":\"BreadcrumbList\",\"@id\":\"https:\\\/\\\/pahaf.org\\\/report-fraud\\\/#breadcrumb\",\"itemListElement\":[{\"@type\":\"ListItem\",\"position\":1,\"name\":\"Home\",\"item\":\"https:\\\/\\\/pahaf.org\\\/\"},{\"@type\":\"ListItem\",\"position\":2,\"name\":\"Reporting Fraud, Waste, and Abuse\"}]},{\"@type\":\"WebSite\",\"@id\":\"https:\\\/\\\/pahaf.org\\\/#website\",\"url\":\"https:\\\/\\\/pahaf.org\\\/\",\"name\":\"Pennsylvania Homeowner Assistance Fund\",\"description\":\"\",\"publisher\":{\"@id\":\"https:\\\/\\\/pahaf.org\\\/#organization\"},\"alternateName\":\"PAHAF\",\"potentialAction\":[{\"@type\":\"SearchAction\",\"target\":{\"@type\":\"EntryPoint\",\"urlTemplate\":\"https:\\\/\\\/pahaf.org\\\/?s={search_term_string}\"},\"query-input\":{\"@type\":\"PropertyValueSpecification\",\"valueRequired\":true,\"valueName\":\"search_term_string\"}}],\"inLanguage\":\"es\"},{\"@type\":\"Organization\",\"@id\":\"https:\\\/\\\/pahaf.org\\\/#organization\",\"name\":\"Pennsylvania Homeowner Assistance Fund\",\"alternateName\":\"PAHAF\",\"url\":\"https:\\\/\\\/pahaf.org\\\/\",\"logo\":{\"@type\":\"ImageObject\",\"inLanguage\":\"es\",\"@id\":\"https:\\\/\\\/pahaf.org\\\/#\\\/schema\\\/logo\\\/image\\\/\",\"url\":\"https:\\\/\\\/pahaf.org\\\/wp-content\\\/uploads\\\/2023\\\/06\\\/PAHAF-logo-sq.jpg\",\"contentUrl\":\"https:\\\/\\\/pahaf.org\\\/wp-content\\\/uploads\\\/2023\\\/06\\\/PAHAF-logo-sq.jpg\",\"width\":1200,\"height\":1201,\"caption\":\"Pennsylvania Homeowner Assistance Fund\"},\"image\":{\"@id\":\"https:\\\/\\\/pahaf.org\\\/#\\\/schema\\\/logo\\\/image\\\/\"},\"sameAs\":[\"https:\\\/\\\/www.facebook.com\\\/phfa.org\\\/\",\"https:\\\/\\\/x.com\\\/PHFAtweets\"]}]}<\/script>\n<!-- \/ Yoast SEO plugin. -->","yoast_head_json":{"title":"Reporting Fraud, Waste, and Abuse &#8212; Pennsylvania Homeowner Assistance Fund","description":"If you know or suspect fraud occurred related to PAHAF, please report it by using one of the reporting methods in this section.","robots":{"index":"index","follow":"follow","max-snippet":"max-snippet:-1","max-image-preview":"max-image-preview:large","max-video-preview":"max-video-preview:-1"},"canonical":"https:\/\/pahaf.org\/es\/report-fraud\/","og_locale":"es_ES","og_type":"article","og_title":"Reporting Fraud, Waste, and Abuse &#8212; Pennsylvania Homeowner Assistance Fund","og_description":"If you know or suspect fraud occurred related to PAHAF, please report it by using one of the reporting methods in this section.","og_url":"https:\/\/pahaf.org\/es\/report-fraud\/","og_site_name":"Pennsylvania Homeowner Assistance Fund","article_publisher":"https:\/\/www.facebook.com\/phfa.org\/","article_modified_time":"2024-08-09T14:22:35+00:00","og_image":[{"width":1200,"height":676,"url":"https:\/\/pahaf.org\/wp-content\/uploads\/2023\/06\/PAHAF-logo-social-fallback.jpg","type":"image\/jpeg"}],"twitter_card":"summary_large_image","twitter_site":"@PHFAtweets","twitter_misc":{"Tiempo de lectura":"1 minuto"},"schema":{"@context":"https:\/\/schema.org","@graph":[{"@type":"WebPage","@id":"https:\/\/pahaf.org\/report-fraud\/","url":"https:\/\/pahaf.org\/report-fraud\/","name":"Reporting Fraud, Waste, and Abuse &#8212; Pennsylvania Homeowner Assistance Fund","isPartOf":{"@id":"https:\/\/pahaf.org\/#website"},"datePublished":"2023-06-13T23:37:30+00:00","dateModified":"2024-08-09T14:22:35+00:00","description":"If you know or suspect fraud occurred related to PAHAF, please report it by using one of the reporting methods in this section.","breadcrumb":{"@id":"https:\/\/pahaf.org\/report-fraud\/#breadcrumb"},"inLanguage":"es","potentialAction":[{"@type":"ReadAction","target":["https:\/\/pahaf.org\/report-fraud\/"]}]},{"@type":"BreadcrumbList","@id":"https:\/\/pahaf.org\/report-fraud\/#breadcrumb","itemListElement":[{"@type":"ListItem","position":1,"name":"Home","item":"https:\/\/pahaf.org\/"},{"@type":"ListItem","position":2,"name":"Reporting Fraud, Waste, and Abuse"}]},{"@type":"WebSite","@id":"https:\/\/pahaf.org\/#website","url":"https:\/\/pahaf.org\/","name":"Fondo de Asistencia para Propietarios de Vivienda de Pensilvania","description":"","publisher":{"@id":"https:\/\/pahaf.org\/#organization"},"alternateName":"PAHAF","potentialAction":[{"@type":"SearchAction","target":{"@type":"EntryPoint","urlTemplate":"https:\/\/pahaf.org\/?s={search_term_string}"},"query-input":{"@type":"PropertyValueSpecification","valueRequired":true,"valueName":"search_term_string"}}],"inLanguage":"es"},{"@type":"Organization","@id":"https:\/\/pahaf.org\/#organization","name":"Fondo de Asistencia para Propietarios de Vivienda de Pensilvania","alternateName":"PAHAF","url":"https:\/\/pahaf.org\/","logo":{"@type":"ImageObject","inLanguage":"es","@id":"https:\/\/pahaf.org\/#\/schema\/logo\/image\/","url":"https:\/\/pahaf.org\/wp-content\/uploads\/2023\/06\/PAHAF-logo-sq.jpg","contentUrl":"https:\/\/pahaf.org\/wp-content\/uploads\/2023\/06\/PAHAF-logo-sq.jpg","width":1200,"height":1201,"caption":"Pennsylvania Homeowner Assistance Fund"},"image":{"@id":"https:\/\/pahaf.org\/#\/schema\/logo\/image\/"},"sameAs":["https:\/\/www.facebook.com\/phfa.org\/","https:\/\/x.com\/PHFAtweets"]}]}},"_links":{"self":[{"href":"https:\/\/pahaf.org\/es\/wp-json\/wp\/v2\/pages\/31","targetHints":{"allow":["GET"]}}],"collection":[{"href":"https:\/\/pahaf.org\/es\/wp-json\/wp\/v2\/pages"}],"about":[{"href":"https:\/\/pahaf.org\/es\/wp-json\/wp\/v2\/types\/page"}],"author":[{"embeddable":true,"href":"https:\/\/pahaf.org\/es\/wp-json\/wp\/v2\/users\/1"}],"replies":[{"embeddable":true,"href":"https:\/\/pahaf.org\/es\/wp-json\/wp\/v2\/comments?post=31"}],"version-history":[{"count":20,"href":"https:\/\/pahaf.org\/es\/wp-json\/wp\/v2\/pages\/31\/revisions"}],"predecessor-version":[{"id":2876,"href":"https:\/\/pahaf.org\/es\/wp-json\/wp\/v2\/pages\/31\/revisions\/2876"}],"wp:attachment":[{"href":"https:\/\/pahaf.org\/es\/wp-json\/wp\/v2\/media?parent=31"}],"curies":[{"name":"wp","href":"https:\/\/api.w.org\/{rel}","templated":true}]}}