{"id":29,"date":"2023-06-13T23:36:49","date_gmt":"2023-06-13T23:36:49","guid":{"rendered":"https:\/\/pahaf.org\/?page_id=29"},"modified":"2026-04-02T15:33:11","modified_gmt":"2026-04-02T20:33:11","slug":"program-dashboard","status":"publish","type":"page","link":"https:\/\/pahaf.org\/es\/program-dashboard\/","title":{"rendered":"Tablero del Programa"},"content":{"rendered":"<div data-elementor-type=\"wp-page\" data-elementor-id=\"29\" class=\"elementor elementor-29\" data-elementor-post-type=\"page\">\n\t\t\t\t<div class=\"elementor-element elementor-element-52fbfdf e-con-full e-flex e-con e-parent\" data-id=\"52fbfdf\" data-element_type=\"container\" data-e-type=\"container\">\n\t\t<div class=\"elementor-element elementor-element-9313803 e-flex e-con-boxed e-con e-child\" data-id=\"9313803\" data-element_type=\"container\" data-e-type=\"container\">\n\t\t\t\t\t<div class=\"e-con-inner\">\n\t\t\t\t<div class=\"elementor-element elementor-element-6de8565 elementor-widget elementor-widget-text-editor\" data-id=\"6de8565\" data-element_type=\"widget\" data-e-type=\"widget\" data-widget_type=\"text-editor.default\">\n\t\t\t\t<div class=\"elementor-widget-container\">\n\t\t\t\t\t\t\t\t\t<p><strong>Actualizaci\u00f3n:<\/strong>\u00a0Se presentaron cambios adicionales en el programa y la pol\u00edtica de PAHAF al Tesoro de los Estados Unidos y se pusieron en vigencia a partir del 28 de octubre de 2022.\u00a0<a href=\"https:\/\/pahaf.org\/wp-content\/uploads\/2022\/12\/PAHAF-Term-Sheets-Updated-12.5.22.pdf\" target=\"_blank\" rel=\"noopener\">Lea nuestras \u00faltimas hojas de t\u00e9rminos para obtener m\u00e1s detalles.<\/a><\/p>\t\t\t\t\t\t\t\t<\/div>\n\t\t\t\t<\/div>\n\t\t\t\t\t<\/div>\n\t\t\t\t<\/div>\n\t\t<div class=\"elementor-element elementor-element-b4865ed e-con-full e-flex e-con e-child\" data-id=\"b4865ed\" data-element_type=\"container\" data-e-type=\"container\">\n\t\t\t\t<div class=\"elementor-element elementor-element-e16fdb4 elementor-widget elementor-widget-image\" data-id=\"e16fdb4\" data-element_type=\"widget\" data-e-type=\"widget\" data-widget_type=\"image.default\">\n\t\t\t\t<div class=\"elementor-widget-container\">\n\t\t\t\t\t\t\t\t\t\t\t\t\t\t\t\t<a href=\"https:\/\/pahaf.org\/wp-content\/uploads\/2026\/04\/PA-HAF-Program-Metrics-Dashboard-External_2026-04-01.jpg\" data-elementor-open-lightbox=\"yes\" data-elementor-lightbox-title=\"PA HAF - Program Metrics Dashboard - External_2026-04-01\" data-e-action-hash=\"#elementor-action%3Aaction%3Dlightbox%26settings%3DeyJpZCI6MzM5NywidXJsIjoiaHR0cHM6XC9cL3BhaGFmLm9yZ1wvd3AtY29udGVudFwvdXBsb2Fkc1wvMjAyNlwvMDRcL1BBLUhBRi1Qcm9ncmFtLU1ldHJpY3MtRGFzaGJvYXJkLUV4dGVybmFsXzIwMjYtMDQtMDEuanBnIn0%3D\">\n\t\t\t\t\t\t\t<img fetchpriority=\"high\" decoding=\"async\" width=\"1600\" height=\"800\" src=\"https:\/\/pahaf.org\/wp-content\/uploads\/2026\/04\/PA-HAF-Program-Metrics-Dashboard-External_2026-04-01.jpg\" class=\"attachment-full size-full wp-image-3397\" alt=\"Graph of PA with numbers for each county.\" srcset=\"https:\/\/pahaf.org\/wp-content\/uploads\/2026\/04\/PA-HAF-Program-Metrics-Dashboard-External_2026-04-01.jpg 1600w, https:\/\/pahaf.org\/wp-content\/uploads\/2026\/04\/PA-HAF-Program-Metrics-Dashboard-External_2026-04-01-300x150.jpg 300w, https:\/\/pahaf.org\/wp-content\/uploads\/2026\/04\/PA-HAF-Program-Metrics-Dashboard-External_2026-04-01-1024x512.jpg 1024w, https:\/\/pahaf.org\/wp-content\/uploads\/2026\/04\/PA-HAF-Program-Metrics-Dashboard-External_2026-04-01-768x384.jpg 768w, https:\/\/pahaf.org\/wp-content\/uploads\/2026\/04\/PA-HAF-Program-Metrics-Dashboard-External_2026-04-01-1536x768.jpg 1536w, https:\/\/pahaf.org\/wp-content\/uploads\/2026\/04\/PA-HAF-Program-Metrics-Dashboard-External_2026-04-01-18x9.jpg 18w\" sizes=\"(max-width: 1600px) 100vw, 1600px\" \/>\t\t\t\t\t\t\t\t<\/a>\n\t\t\t\t\t\t\t\t\t\t\t\t\t\t\t<\/div>\n\t\t\t\t<\/div>\n\t\t\t\t<div class=\"elementor-element elementor-element-cb1e6fc elementor-widget elementor-widget-text-editor\" data-id=\"cb1e6fc\" data-element_type=\"widget\" data-e-type=\"widget\" data-widget_type=\"text-editor.default\">\n\t\t\t\t<div class=\"elementor-widget-container\">\n\t\t\t\t\t\t\t\t\t<p style=\"text-align: left;\">Additional PAHAF program metrics can be found in the legislative reports located on our <a title=\"https:\/\/pahaf.org\/policies-and-reporting\/\" href=\"https:\/\/pahaf.org\/es\/policies-and-reporting\/\" data-outlook-id=\"ba2078d9-23ad-43f0-b480-b340d2672934\"><b>Actualizaciones<\/b><\/a>\u00a0.<span><\/span><\/p>\t\t\t\t\t\t\t\t<\/div>\n\t\t\t\t<\/div>\n\t\t\t\t<div class=\"elementor-element elementor-element-058b81c elementor-widget elementor-widget-image\" data-id=\"058b81c\" data-element_type=\"widget\" data-e-type=\"widget\" data-widget_type=\"image.default\">\n\t\t\t\t<div class=\"elementor-widget-container\">\n\t\t\t\t\t\t\t\t\t\t\t\t\t\t\t\t<a href=\"https:\/\/pahaf.org\/wp-content\/uploads\/2026\/04\/PA-HAF-Disbursements-Trend-External_2026-04-01.jpg\" data-elementor-open-lightbox=\"yes\" data-elementor-lightbox-title=\"PA HAF - Disbursements Trend - External_2026-04-01\" data-e-action-hash=\"#elementor-action%3Aaction%3Dlightbox%26settings%3DeyJpZCI6MzM5OSwidXJsIjoiaHR0cHM6XC9cL3BhaGFmLm9yZ1wvd3AtY29udGVudFwvdXBsb2Fkc1wvMjAyNlwvMDRcL1BBLUhBRi1EaXNidXJzZW1lbnRzLVRyZW5kLUV4dGVybmFsXzIwMjYtMDQtMDEuanBnIn0%3D\">\n\t\t\t\t\t\t\t<img decoding=\"async\" width=\"1600\" height=\"800\" src=\"https:\/\/pahaf.org\/wp-content\/uploads\/2026\/04\/PA-HAF-Disbursements-Trend-External_2026-04-01.jpg\" class=\"attachment-full size-full wp-image-3399\" alt=\"\" srcset=\"https:\/\/pahaf.org\/wp-content\/uploads\/2026\/04\/PA-HAF-Disbursements-Trend-External_2026-04-01.jpg 1600w, https:\/\/pahaf.org\/wp-content\/uploads\/2026\/04\/PA-HAF-Disbursements-Trend-External_2026-04-01-300x150.jpg 300w, https:\/\/pahaf.org\/wp-content\/uploads\/2026\/04\/PA-HAF-Disbursements-Trend-External_2026-04-01-1024x512.jpg 1024w, https:\/\/pahaf.org\/wp-content\/uploads\/2026\/04\/PA-HAF-Disbursements-Trend-External_2026-04-01-768x384.jpg 768w, https:\/\/pahaf.org\/wp-content\/uploads\/2026\/04\/PA-HAF-Disbursements-Trend-External_2026-04-01-1536x768.jpg 1536w, https:\/\/pahaf.org\/wp-content\/uploads\/2026\/04\/PA-HAF-Disbursements-Trend-External_2026-04-01-18x9.jpg 18w\" sizes=\"(max-width: 1600px) 100vw, 1600px\" \/>\t\t\t\t\t\t\t\t<\/a>\n\t\t\t\t\t\t\t\t\t\t\t\t\t\t\t<\/div>\n\t\t\t\t<\/div>\n\t\t\t\t<div class=\"elementor-element elementor-element-0294be8 elementor-widget elementor-widget-spacer\" data-id=\"0294be8\" data-element_type=\"widget\" data-e-type=\"widget\" data-widget_type=\"spacer.default\">\n\t\t\t\t<div class=\"elementor-widget-container\">\n\t\t\t\t\t\t\t<div class=\"elementor-spacer\">\n\t\t\t<div class=\"elementor-spacer-inner\"><\/div>\n\t\t<\/div>\n\t\t\t\t\t\t<\/div>\n\t\t\t\t<\/div>\n\t\t\t\t<\/div>\n\t\t\t\t<\/div>\n\t\t\t\t<\/div>","protected":false},"excerpt":{"rendered":"<p>Update:\u00a0Additional PAHAF program and policy changes were submitted to U.S. Treasury and put into effect as of December 5, 2022.\u00a0Read our latest term sheets for details. Additional PAHAF program metrics can be found in the legislative reports located on our Updates\u00a0page.<\/p>","protected":false},"author":1,"featured_media":0,"parent":0,"menu_order":0,"comment_status":"closed","ping_status":"closed","template":"","meta":{"footnotes":""},"class_list":["post-29","page","type-page","status-publish","hentry"],"yoast_head":"<!-- This site is optimized with the Yoast SEO plugin v27.3 - https:\/\/yoast.com\/product\/yoast-seo-wordpress\/ -->\n<title>Program Dashboard &#8212; Pennsylvania Homeowner Assistance Fund<\/title>\n<meta name=\"description\" content=\"Explore real-time statewide and county-level PAHAF program data and trends.\" \/>\n<meta name=\"robots\" content=\"index, follow, max-snippet:-1, max-image-preview:large, max-video-preview:-1\" \/>\n<link rel=\"canonical\" href=\"https:\/\/pahaf.org\/es\/program-dashboard\/\" \/>\n<meta property=\"og:locale\" content=\"es_ES\" \/>\n<meta property=\"og:type\" content=\"article\" \/>\n<meta property=\"og:title\" content=\"Program Dashboard &#8212; Pennsylvania Homeowner Assistance Fund\" \/>\n<meta property=\"og:description\" content=\"Explore real-time statewide and county-level PAHAF program data and trends.\" \/>\n<meta property=\"og:url\" content=\"https:\/\/pahaf.org\/es\/program-dashboard\/\" \/>\n<meta property=\"og:site_name\" content=\"Pennsylvania Homeowner Assistance Fund\" \/>\n<meta property=\"article:publisher\" content=\"https:\/\/www.facebook.com\/phfa.org\/\" \/>\n<meta property=\"article:modified_time\" content=\"2026-04-02T20:33:11+00:00\" \/>\n<meta property=\"og:image\" content=\"https:\/\/pahaf.org\/wp-content\/uploads\/2026\/04\/PA-HAF-Program-Metrics-Dashboard-External_2026-04-01.jpg\" \/>\n<meta name=\"twitter:card\" content=\"summary_large_image\" \/>\n<meta name=\"twitter:site\" content=\"@PHFAtweets\" \/>\n<meta name=\"twitter:label1\" content=\"Tiempo de lectura\" \/>\n\t<meta name=\"twitter:data1\" content=\"1 minuto\" \/>\n<script type=\"application\/ld+json\" class=\"yoast-schema-graph\">{\"@context\":\"https:\\\/\\\/schema.org\",\"@graph\":[{\"@type\":\"WebPage\",\"@id\":\"https:\\\/\\\/pahaf.org\\\/program-dashboard\\\/\",\"url\":\"https:\\\/\\\/pahaf.org\\\/program-dashboard\\\/\",\"name\":\"Program Dashboard &#8212; Pennsylvania Homeowner Assistance Fund\",\"isPartOf\":{\"@id\":\"https:\\\/\\\/pahaf.org\\\/#website\"},\"primaryImageOfPage\":{\"@id\":\"https:\\\/\\\/pahaf.org\\\/program-dashboard\\\/#primaryimage\"},\"image\":{\"@id\":\"https:\\\/\\\/pahaf.org\\\/program-dashboard\\\/#primaryimage\"},\"thumbnailUrl\":\"https:\\\/\\\/pahaf.org\\\/wp-content\\\/uploads\\\/2026\\\/04\\\/PA-HAF-Program-Metrics-Dashboard-External_2026-04-01.jpg\",\"datePublished\":\"2023-06-13T23:36:49+00:00\",\"dateModified\":\"2026-04-02T20:33:11+00:00\",\"description\":\"Explore real-time statewide and county-level PAHAF program data and trends.\",\"breadcrumb\":{\"@id\":\"https:\\\/\\\/pahaf.org\\\/program-dashboard\\\/#breadcrumb\"},\"inLanguage\":\"es\",\"potentialAction\":[{\"@type\":\"ReadAction\",\"target\":[\"https:\\\/\\\/pahaf.org\\\/program-dashboard\\\/\"]}]},{\"@type\":\"ImageObject\",\"inLanguage\":\"es\",\"@id\":\"https:\\\/\\\/pahaf.org\\\/program-dashboard\\\/#primaryimage\",\"url\":\"https:\\\/\\\/pahaf.org\\\/wp-content\\\/uploads\\\/2026\\\/04\\\/PA-HAF-Program-Metrics-Dashboard-External_2026-04-01.jpg\",\"contentUrl\":\"https:\\\/\\\/pahaf.org\\\/wp-content\\\/uploads\\\/2026\\\/04\\\/PA-HAF-Program-Metrics-Dashboard-External_2026-04-01.jpg\"},{\"@type\":\"BreadcrumbList\",\"@id\":\"https:\\\/\\\/pahaf.org\\\/program-dashboard\\\/#breadcrumb\",\"itemListElement\":[{\"@type\":\"ListItem\",\"position\":1,\"name\":\"Home\",\"item\":\"https:\\\/\\\/pahaf.org\\\/\"},{\"@type\":\"ListItem\",\"position\":2,\"name\":\"Program Dashboard\"}]},{\"@type\":\"WebSite\",\"@id\":\"https:\\\/\\\/pahaf.org\\\/#website\",\"url\":\"https:\\\/\\\/pahaf.org\\\/\",\"name\":\"Pennsylvania Homeowner Assistance Fund\",\"description\":\"\",\"publisher\":{\"@id\":\"https:\\\/\\\/pahaf.org\\\/#organization\"},\"alternateName\":\"PAHAF\",\"potentialAction\":[{\"@type\":\"SearchAction\",\"target\":{\"@type\":\"EntryPoint\",\"urlTemplate\":\"https:\\\/\\\/pahaf.org\\\/?s={search_term_string}\"},\"query-input\":{\"@type\":\"PropertyValueSpecification\",\"valueRequired\":true,\"valueName\":\"search_term_string\"}}],\"inLanguage\":\"es\"},{\"@type\":\"Organization\",\"@id\":\"https:\\\/\\\/pahaf.org\\\/#organization\",\"name\":\"Pennsylvania Homeowner Assistance Fund\",\"alternateName\":\"PAHAF\",\"url\":\"https:\\\/\\\/pahaf.org\\\/\",\"logo\":{\"@type\":\"ImageObject\",\"inLanguage\":\"es\",\"@id\":\"https:\\\/\\\/pahaf.org\\\/#\\\/schema\\\/logo\\\/image\\\/\",\"url\":\"https:\\\/\\\/pahaf.org\\\/wp-content\\\/uploads\\\/2023\\\/06\\\/PAHAF-logo-sq.jpg\",\"contentUrl\":\"https:\\\/\\\/pahaf.org\\\/wp-content\\\/uploads\\\/2023\\\/06\\\/PAHAF-logo-sq.jpg\",\"width\":1200,\"height\":1201,\"caption\":\"Pennsylvania Homeowner Assistance Fund\"},\"image\":{\"@id\":\"https:\\\/\\\/pahaf.org\\\/#\\\/schema\\\/logo\\\/image\\\/\"},\"sameAs\":[\"https:\\\/\\\/www.facebook.com\\\/phfa.org\\\/\",\"https:\\\/\\\/x.com\\\/PHFAtweets\"]}]}<\/script>\n<!-- \/ Yoast SEO plugin. -->","yoast_head_json":{"title":"Program Dashboard &#8212; Pennsylvania Homeowner Assistance Fund","description":"Explore los datos y tendencias del programa PAHAF en tiempo real a nivel estatal y de condado.","robots":{"index":"index","follow":"follow","max-snippet":"max-snippet:-1","max-image-preview":"max-image-preview:large","max-video-preview":"max-video-preview:-1"},"canonical":"https:\/\/pahaf.org\/es\/program-dashboard\/","og_locale":"es_ES","og_type":"article","og_title":"Program Dashboard &#8212; Pennsylvania Homeowner Assistance Fund","og_description":"Explore real-time statewide and county-level PAHAF program data and trends.","og_url":"https:\/\/pahaf.org\/es\/program-dashboard\/","og_site_name":"Pennsylvania Homeowner Assistance Fund","article_publisher":"https:\/\/www.facebook.com\/phfa.org\/","article_modified_time":"2026-04-02T20:33:11+00:00","og_image":[{"url":"https:\/\/pahaf.org\/wp-content\/uploads\/2026\/04\/PA-HAF-Program-Metrics-Dashboard-External_2026-04-01.jpg","type":"","width":"","height":""}],"twitter_card":"summary_large_image","twitter_site":"@PHFAtweets","twitter_misc":{"Tiempo de lectura":"1 minuto"},"schema":{"@context":"https:\/\/schema.org","@graph":[{"@type":"WebPage","@id":"https:\/\/pahaf.org\/program-dashboard\/","url":"https:\/\/pahaf.org\/program-dashboard\/","name":"Program Dashboard &#8212; Pennsylvania Homeowner Assistance Fund","isPartOf":{"@id":"https:\/\/pahaf.org\/#website"},"primaryImageOfPage":{"@id":"https:\/\/pahaf.org\/program-dashboard\/#primaryimage"},"image":{"@id":"https:\/\/pahaf.org\/program-dashboard\/#primaryimage"},"thumbnailUrl":"https:\/\/pahaf.org\/wp-content\/uploads\/2026\/04\/PA-HAF-Program-Metrics-Dashboard-External_2026-04-01.jpg","datePublished":"2023-06-13T23:36:49+00:00","dateModified":"2026-04-02T20:33:11+00:00","description":"Explore los datos y tendencias del programa PAHAF en tiempo real a nivel estatal y de condado.","breadcrumb":{"@id":"https:\/\/pahaf.org\/program-dashboard\/#breadcrumb"},"inLanguage":"es","potentialAction":[{"@type":"ReadAction","target":["https:\/\/pahaf.org\/program-dashboard\/"]}]},{"@type":"ImageObject","inLanguage":"es","@id":"https:\/\/pahaf.org\/program-dashboard\/#primaryimage","url":"https:\/\/pahaf.org\/wp-content\/uploads\/2026\/04\/PA-HAF-Program-Metrics-Dashboard-External_2026-04-01.jpg","contentUrl":"https:\/\/pahaf.org\/wp-content\/uploads\/2026\/04\/PA-HAF-Program-Metrics-Dashboard-External_2026-04-01.jpg"},{"@type":"BreadcrumbList","@id":"https:\/\/pahaf.org\/program-dashboard\/#breadcrumb","itemListElement":[{"@type":"ListItem","position":1,"name":"Home","item":"https:\/\/pahaf.org\/"},{"@type":"ListItem","position":2,"name":"Program Dashboard"}]},{"@type":"WebSite","@id":"https:\/\/pahaf.org\/#website","url":"https:\/\/pahaf.org\/","name":"Fondo de Asistencia para Propietarios de Vivienda de Pensilvania","description":"","publisher":{"@id":"https:\/\/pahaf.org\/#organization"},"alternateName":"PAHAF","potentialAction":[{"@type":"SearchAction","target":{"@type":"EntryPoint","urlTemplate":"https:\/\/pahaf.org\/?s={search_term_string}"},"query-input":{"@type":"PropertyValueSpecification","valueRequired":true,"valueName":"search_term_string"}}],"inLanguage":"es"},{"@type":"Organization","@id":"https:\/\/pahaf.org\/#organization","name":"Fondo de Asistencia para Propietarios de Vivienda de Pensilvania","alternateName":"PAHAF","url":"https:\/\/pahaf.org\/","logo":{"@type":"ImageObject","inLanguage":"es","@id":"https:\/\/pahaf.org\/#\/schema\/logo\/image\/","url":"https:\/\/pahaf.org\/wp-content\/uploads\/2023\/06\/PAHAF-logo-sq.jpg","contentUrl":"https:\/\/pahaf.org\/wp-content\/uploads\/2023\/06\/PAHAF-logo-sq.jpg","width":1200,"height":1201,"caption":"Pennsylvania Homeowner Assistance Fund"},"image":{"@id":"https:\/\/pahaf.org\/#\/schema\/logo\/image\/"},"sameAs":["https:\/\/www.facebook.com\/phfa.org\/","https:\/\/x.com\/PHFAtweets"]}]}},"_links":{"self":[{"href":"https:\/\/pahaf.org\/es\/wp-json\/wp\/v2\/pages\/29","targetHints":{"allow":["GET"]}}],"collection":[{"href":"https:\/\/pahaf.org\/es\/wp-json\/wp\/v2\/pages"}],"about":[{"href":"https:\/\/pahaf.org\/es\/wp-json\/wp\/v2\/types\/page"}],"author":[{"embeddable":true,"href":"https:\/\/pahaf.org\/es\/wp-json\/wp\/v2\/users\/1"}],"replies":[{"embeddable":true,"href":"https:\/\/pahaf.org\/es\/wp-json\/wp\/v2\/comments?post=29"}],"version-history":[{"count":369,"href":"https:\/\/pahaf.org\/es\/wp-json\/wp\/v2\/pages\/29\/revisions"}],"predecessor-version":[{"id":3402,"href":"https:\/\/pahaf.org\/es\/wp-json\/wp\/v2\/pages\/29\/revisions\/3402"}],"wp:attachment":[{"href":"https:\/\/pahaf.org\/es\/wp-json\/wp\/v2\/media?parent=29"}],"curies":[{"name":"wp","href":"https:\/\/api.w.org\/{rel}","templated":true}]}}