{"id":108,"date":"2023-06-14T01:44:52","date_gmt":"2023-06-14T01:44:52","guid":{"rendered":"https:\/\/pahaf.org\/?page_id=108"},"modified":"2025-03-31T20:33:02","modified_gmt":"2025-04-01T01:33:02","slug":"home","status":"publish","type":"page","link":"https:\/\/pahaf.org\/es\/","title":{"rendered":"Inicio"},"content":{"rendered":"<div data-elementor-type=\"wp-page\" data-elementor-id=\"108\" class=\"elementor elementor-108\" data-elementor-post-type=\"page\">\n\t\t\t\t<div class=\"elementor-element elementor-element-3ee35b8 e-con-full e-flex elementor-invisible e-con e-parent\" data-id=\"3ee35b8\" data-element_type=\"container\" data-e-type=\"container\" data-settings=\"{&quot;animation&quot;:&quot;fadeIn&quot;}\">\n\t\t<div class=\"elementor-element elementor-element-c5d630b e-flex e-con-boxed e-con e-child\" data-id=\"c5d630b\" data-element_type=\"container\" data-e-type=\"container\" data-settings=\"{&quot;background_background&quot;:&quot;classic&quot;}\">\n\t\t\t\t\t<div class=\"e-con-inner\">\n\t\t<div class=\"elementor-element elementor-element-f67f0f4 e-flex e-con-boxed e-con e-child\" data-id=\"f67f0f4\" data-element_type=\"container\" data-e-type=\"container\">\n\t\t\t\t\t<div class=\"e-con-inner\">\n\t\t\t\t<div class=\"elementor-element elementor-element-8a98c49 elementor-invisible elementor-widget elementor-widget-heading\" data-id=\"8a98c49\" data-element_type=\"widget\" data-e-type=\"widget\" data-settings=\"{&quot;_animation&quot;:&quot;fadeInUp&quot;,&quot;_animation_delay&quot;:300}\" data-widget_type=\"heading.default\">\n\t\t\t\t<div class=\"elementor-widget-container\">\n\t\t\t\t\t<h1 class=\"elementor-heading-title elementor-size-default\">Fondo de Asistencia para Propietarios de Vivienda de Pensilvania<\/h1>\t\t\t\t<\/div>\n\t\t\t\t<\/div>\n\t\t\t\t\t<\/div>\n\t\t\t\t<\/div>\n\t\t\t\t\t<\/div>\n\t\t\t\t<\/div>\n\t\t<div class=\"elementor-element elementor-element-7b67772 e-con-full e-flex e-con e-child\" data-id=\"7b67772\" data-element_type=\"container\" data-e-type=\"container\">\n\t\t\t\t<\/div>\n\t\t\t\t<\/div>\n\t\t<div class=\"elementor-element elementor-element-6038ba6 e-flex e-con-boxed e-con e-parent\" data-id=\"6038ba6\" data-element_type=\"container\" data-e-type=\"container\">\n\t\t\t\t\t<div class=\"e-con-inner\">\n\t\t<div class=\"elementor-element elementor-element-f88724d e-flex e-con-boxed elementor-invisible e-con e-child\" data-id=\"f88724d\" data-element_type=\"container\" data-e-type=\"container\" data-settings=\"{&quot;animation&quot;:&quot;fadeIn&quot;}\">\n\t\t\t\t\t<div class=\"e-con-inner\">\n\t\t\t\t<div class=\"elementor-element elementor-element-4768808 elementor-widget elementor-widget-text-editor\" data-id=\"4768808\" data-element_type=\"widget\" data-e-type=\"widget\" data-widget_type=\"text-editor.default\">\n\t\t\t\t<div class=\"elementor-widget-container\">\n\t\t\t\t\t\t\t\t\t<h2 style=\"text-align: center; margin-left: auto; margin-right: auto; max-width: 690px; line-height: 1.4;\"><b>El programa PAHAF ya no est\u00e1 aceptando nuevas solicitudes.<\/b><\/h2><p style=\"font-weight: 400;\"><strong>Las solicitudes que ya est\u00e1n en la lista de espera solo se procesar\u00e1n si hay fondos suficientes. <\/strong><\/p><p style=\"font-weight: 400;\">Estas solicitudes solo ser\u00e1n procesadas si existe suficiente financiamiento. Las solicitudes elegibles ser\u00e1n movidas al estado de \u201cSolicitud Enviada\u201d para su procesamiento seg\u00fan lo justifique el financiamiento disponible y con base en una acci\u00f3n adversa inminente (IAA) y la fecha en que se enviaron.\u00a0\u00a0<strong>Debido a que los fondos restantes est\u00e1n disminuyendo y, en conjunto con los plazos de procesamiento actuales, PAHAF no pagar\u00e1 ni aprobar\u00e1 asistencia hipotecaria para los meses posteriores a junio de 2025, independientemente del estado de aprobaci\u00f3n. Esto significa que, sin importar la fecha en que se aprob\u00f3 la asistencia futura, el n\u00famero de meses disponibles para asistencia puede ser menor a seis meses, tal como se establece en las condiciones del programa PAHAF, y en ning\u00fan caso se pagar\u00e1 por ning\u00fan mes posterior a junio de 2025<\/strong> \u00a0El programa solo brinda asistencia una vez por hogar para cada tipo de ayuda. El monto m\u00e1ximo de asistencia combinada para cualquier hogar bajo PAHAF sigue siendo de $50,000, al igual que los requisitos de que la hipoteca no est\u00e9 en mora como opci\u00f3n independiente y que el pago de la vivienda del solicitante represente m\u00e1s del 30 % de sus ingresos brutos mensuales.<\/p><p style=\"font-weight: 400;\">Si los solicitantes tienen preguntas adicionales, pueden comunicarse con PAHAF en\u00a0<a href=\"mailto:askpahaf@pahaf.org\" data-outlook-id=\"a2983df2-f0e8-4f78-80f6-5f18279d173f\">askpahaf@pahaf.org<\/a>\u00a0o comun\u00edquese con el centro de llamadas al 800-342-2397.<\/p>\t\t\t\t\t\t\t\t<\/div>\n\t\t\t\t<\/div>\n\t\t\t\t<div class=\"elementor-element elementor-element-2c9a621 elementor-widget elementor-widget-text-editor\" data-id=\"2c9a621\" data-element_type=\"widget\" data-e-type=\"widget\" data-widget_type=\"text-editor.default\">\n\t\t\t\t<div class=\"elementor-widget-container\">\n\t\t\t\t\t\t\t\t\t<p>Por favor <a href=\"https:\/\/pahaf.org\/wp-content\/uploads\/2024\/03\/PAHAF-Preguntas-Frecuentes-sobre-la-Reapertura-031124.pdf\" target=\"_blank\" rel=\"noopener\">lee nuestras preguntas frecuentes<\/a> para obtener m\u00e1s informaci\u00f3n.<\/p>\t\t\t\t\t\t\t\t<\/div>\n\t\t\t\t<\/div>\n\t\t<div class=\"elementor-element elementor-element-78931d8 e-con-full elementor-hidden-desktop elementor-hidden-tablet e-flex e-con e-child\" data-id=\"78931d8\" data-element_type=\"container\" data-e-type=\"container\">\n\t\t<div class=\"elementor-element elementor-element-bcd8290 e-flex e-con-boxed e-con e-child\" data-id=\"bcd8290\" data-element_type=\"container\" data-e-type=\"container\">\n\t\t\t\t\t<div class=\"e-con-inner\">\n\t\t\t\t<div class=\"elementor-element elementor-element-be507ef elementor-align-right elementor-widget elementor-widget-button\" data-id=\"be507ef\" data-element_type=\"widget\" data-e-type=\"widget\" data-widget_type=\"button.default\">\n\t\t\t\t<div class=\"elementor-widget-container\">\n\t\t\t\t\t\t\t\t\t<div class=\"elementor-button-wrapper\">\n\t\t\t\t\t<a class=\"elementor-button elementor-button-link elementor-size-sm\" href=\"https:\/\/pahaf.org\/es\/what-do-i-need-to-apply\/\">\n\t\t\t\t\t\t<span class=\"elementor-button-content-wrapper\">\n\t\t\t\t\t\t\t\t\t<span class=\"elementor-button-text\">\u00bfQu\u00e9 necesito para solicitar?<\/span>\n\t\t\t\t\t<\/span>\n\t\t\t\t\t<\/a>\n\t\t\t\t<\/div>\n\t\t\t\t\t\t\t\t<\/div>\n\t\t\t\t<\/div>\n\t\t\t\t\t<\/div>\n\t\t\t\t<\/div>\n\t\t<div class=\"elementor-element elementor-element-5186fca e-flex e-con-boxed e-con e-child\" data-id=\"5186fca\" data-element_type=\"container\" data-e-type=\"container\">\n\t\t\t\t\t<div class=\"e-con-inner\">\n\t\t\t\t<div class=\"elementor-element elementor-element-71c1c33 elementor-align-left elementor-widget elementor-widget-button\" data-id=\"71c1c33\" data-element_type=\"widget\" data-e-type=\"widget\" data-widget_type=\"button.default\">\n\t\t\t\t<div class=\"elementor-widget-container\">\n\t\t\t\t\t\t\t\t\t<div class=\"elementor-button-wrapper\">\n\t\t\t\t\t<a class=\"elementor-button elementor-button-link elementor-size-sm\" href=\"https:\/\/portal.neighborlysoftware.com\/HAF-PA\/Participant\">\n\t\t\t\t\t\t<span class=\"elementor-button-content-wrapper\">\n\t\t\t\t\t\t\t\t\t<span class=\"elementor-button-text\">Aplica hoy<\/span>\n\t\t\t\t\t<\/span>\n\t\t\t\t\t<\/a>\n\t\t\t\t<\/div>\n\t\t\t\t\t\t\t\t<\/div>\n\t\t\t\t<\/div>\n\t\t\t\t\t<\/div>\n\t\t\t\t<\/div>\n\t\t\t\t<\/div>\n\t\t\t\t\t<\/div>\n\t\t\t\t<\/div>\n\t\t<div class=\"elementor-element elementor-element-1ed25db e-con-full e-flex e-con e-child\" data-id=\"1ed25db\" data-element_type=\"container\" data-e-type=\"container\">\n\t\t<a class=\"elementor-element elementor-element-e7bb68b animated-fast e-flex e-con-boxed elementor-invisible e-con e-child\" data-id=\"e7bb68b\" data-element_type=\"container\" data-e-type=\"container\" data-settings=\"{&quot;background_background&quot;:&quot;classic&quot;,&quot;animation&quot;:&quot;slideInUp&quot;}\" href=\"\/es\/am-i-eligible\/\">\n\t\t\t\t\t<div class=\"e-con-inner\">\n\t\t\t\t<div class=\"elementor-element elementor-element-c2fcb9e elementor-widget elementor-widget-heading\" data-id=\"c2fcb9e\" data-element_type=\"widget\" data-e-type=\"widget\" data-widget_type=\"heading.default\">\n\t\t\t\t<div class=\"elementor-widget-container\">\n\t\t\t\t\t<h2 class=\"elementor-heading-title elementor-size-default\">\u00bfSoy Elegible?<\/h2>\t\t\t\t<\/div>\n\t\t\t\t<\/div>\n\t\t\t\t<div class=\"elementor-element elementor-element-40ff216 elementor-widget elementor-widget-heading\" data-id=\"40ff216\" data-element_type=\"widget\" data-e-type=\"widget\" data-widget_type=\"heading.default\">\n\t\t\t\t<div class=\"elementor-widget-container\">\n\t\t\t\t\t<p class=\"elementor-heading-title elementor-size-default\">Criterios de elegibilidad del PAHAF.<\/p>\t\t\t\t<\/div>\n\t\t\t\t<\/div>\n\t\t\t\t\t<\/div>\n\t\t\t\t<\/a>\n\t\t<a class=\"elementor-element elementor-element-3040c32 animated-fast e-flex e-con-boxed elementor-invisible e-con e-child\" data-id=\"3040c32\" data-element_type=\"container\" data-e-type=\"container\" data-settings=\"{&quot;background_background&quot;:&quot;classic&quot;,&quot;animation&quot;:&quot;slideInUp&quot;,&quot;animation_delay&quot;:100}\" href=\"\/es\/whats-covered\/\">\n\t\t\t\t\t<div class=\"e-con-inner\">\n\t\t\t\t<div class=\"elementor-element elementor-element-ea24d13 elementor-widget elementor-widget-heading\" data-id=\"ea24d13\" data-element_type=\"widget\" data-e-type=\"widget\" data-widget_type=\"heading.default\">\n\t\t\t\t<div class=\"elementor-widget-container\">\n\t\t\t\t\t<h2 class=\"elementor-heading-title elementor-size-default\">\u00bfQu\u00e9 Cubre el Programa?<\/h2>\t\t\t\t<\/div>\n\t\t\t\t<\/div>\n\t\t\t\t<div class=\"elementor-element elementor-element-0e6c83a elementor-widget elementor-widget-heading\" data-id=\"0e6c83a\" data-element_type=\"widget\" data-e-type=\"widget\" data-widget_type=\"heading.default\">\n\t\t\t\t<div class=\"elementor-widget-container\">\n\t\t\t\t\t<p class=\"elementor-heading-title elementor-size-default\">Tipos de asistencia que pueden estar disponibles.<\/p>\t\t\t\t<\/div>\n\t\t\t\t<\/div>\n\t\t\t\t\t<\/div>\n\t\t\t\t<\/a>\n\t\t<a class=\"elementor-element elementor-element-3c469e1 animated-fast e-flex e-con-boxed elementor-invisible e-con e-child\" data-id=\"3c469e1\" data-element_type=\"container\" data-e-type=\"container\" data-settings=\"{&quot;background_background&quot;:&quot;classic&quot;,&quot;animation&quot;:&quot;slideInUp&quot;,&quot;animation_delay&quot;:200}\" href=\"\/es\/what-do-i-need-to-apply\/\">\n\t\t\t\t\t<div class=\"e-con-inner\">\n\t\t\t\t<div class=\"elementor-element elementor-element-1bad8fd elementor-widget elementor-widget-heading\" data-id=\"1bad8fd\" data-element_type=\"widget\" data-e-type=\"widget\" data-widget_type=\"heading.default\">\n\t\t\t\t<div class=\"elementor-widget-container\">\n\t\t\t\t\t<h2 class=\"elementor-heading-title elementor-size-default\">\u00bfQu\u00e9 necesito para solicitar?<\/h2>\t\t\t\t<\/div>\n\t\t\t\t<\/div>\n\t\t\t\t<div class=\"elementor-element elementor-element-579f7ce elementor-widget elementor-widget-heading\" data-id=\"579f7ce\" data-element_type=\"widget\" data-e-type=\"widget\" data-widget_type=\"heading.default\">\n\t\t\t\t<div class=\"elementor-widget-container\">\n\t\t\t\t\t<p class=\"elementor-heading-title elementor-size-default\">Revise la lista de documentos requeridos para solicitar.<\/p>\t\t\t\t<\/div>\n\t\t\t\t<\/div>\n\t\t\t\t\t<\/div>\n\t\t\t\t<\/a>\n\t\t\t\t<\/div>\n\t\t<div class=\"elementor-element elementor-element-933c25a e-con-full e-flex elementor-invisible e-con e-child\" data-id=\"933c25a\" data-element_type=\"container\" data-e-type=\"container\" data-settings=\"{&quot;animation&quot;:&quot;fadeIn&quot;}\">\n\t\t\t\t<div class=\"elementor-element elementor-element-3451618 elementor-widget elementor-widget-text-editor\" data-id=\"3451618\" data-element_type=\"widget\" data-e-type=\"widget\" data-widget_type=\"text-editor.default\">\n\t\t\t\t<div class=\"elementor-widget-container\">\n\t\t\t\t\t\t\t\t\t<div class=\"et_pb_row et_pb_row_2\"><div class=\"et_pb_column et_pb_column_4_4 et_pb_column_4  et_pb_css_mix_blend_mode_passthrough et-last-child\"><div class=\"et_pb_module et_pb_text et_pb_text_1  et_pb_text_align_left et_pb_bg_layout_light\"><h2 class=\"et_pb_text_inner\" style=\"text-align: center;\">Para Asistencia Inmediata<\/h2><p class=\"et_pb_text_inner\">Si usted es propietario de una vivienda y necesita asistencia inmediata, le recomendamos que se comunique con su administrador hipotecario para explorar las opciones de mitigaci\u00f3n de p\u00e9rdidas (\u201closs mitigation\u201d) que le puedan proveer una soluci\u00f3n m\u00e1s inmediata. Tambi\u00e9n puede comunicarse con nuestros socios en las Agencias de Asesoramiento de Vivienda haciendo clic en el enlace a continuaci\u00f3n.<\/p><\/div><\/div><\/div>\t\t\t\t\t\t\t\t<\/div>\n\t\t\t\t<\/div>\n\t\t\t\t<div class=\"elementor-element elementor-element-5887632 elementor-widget__width-initial elementor-widget elementor-widget-button\" data-id=\"5887632\" data-element_type=\"widget\" data-e-type=\"widget\" data-widget_type=\"button.default\">\n\t\t\t\t<div class=\"elementor-widget-container\">\n\t\t\t\t\t\t\t\t\t<div class=\"elementor-button-wrapper\">\n\t\t\t\t\t<a class=\"elementor-button elementor-button-link elementor-size-sm\" href=\"\/es\/housing-counseling-agencies\/\">\n\t\t\t\t\t\t<span class=\"elementor-button-content-wrapper\">\n\t\t\t\t\t\t\t\t\t<span class=\"elementor-button-text\">Agencias de Asesor\u00eda de Viviendas<\/span>\n\t\t\t\t\t<\/span>\n\t\t\t\t\t<\/a>\n\t\t\t\t<\/div>\n\t\t\t\t\t\t\t\t<\/div>\n\t\t\t\t<\/div>\n\t\t\t\t<\/div>\n\t\t\t\t\t<\/div>\n\t\t\t\t<\/div>\n\t\t<div class=\"elementor-element elementor-element-61c5c36 e-flex e-con-boxed elementor-invisible e-con e-parent\" data-id=\"61c5c36\" data-element_type=\"container\" data-e-type=\"container\" data-settings=\"{&quot;background_background&quot;:&quot;classic&quot;,&quot;animation&quot;:&quot;fadeIn&quot;}\">\n\t\t\t\t\t<div class=\"e-con-inner\">\n\t\t<div class=\"elementor-element elementor-element-a6c5552 e-con-full e-flex e-con e-child\" data-id=\"a6c5552\" data-element_type=\"container\" data-e-type=\"container\">\n\t\t\t\t<div class=\"elementor-element elementor-element-677a919 elementor-widget__width-initial elementor-widget elementor-widget-text-editor\" data-id=\"677a919\" data-element_type=\"widget\" data-e-type=\"widget\" data-widget_type=\"text-editor.default\">\n\t\t\t\t<div class=\"elementor-widget-container\">\n\t\t\t\t\t\t\t\t\t<div class=\"et_pb_module et_pb_text et_pb_text_3 et_clickable et_pb_text_align_left et_pb_bg_layout_light\"><div class=\"et_pb_text_inner\"><h2>Socios Comunitarios, Proveedores de Servicios y Prestamistas<\/h2><\/div><\/div><div class=\"et_pb_module et_pb_text et_pb_text_4 et_clickable et_pb_text_align_left et_pb_bg_layout_light\"><div class=\"et_pb_text_inner\"><p class=\"translation-block\"><a href=\"\/es\/community-partners-lenders-servicers\/\" target=\"_self\">Encuentre recursos<\/a> disponibles sobre el PAHAF para los socios comunitarios, proveedores de servicios y prestamistas hipotecarios.<\/p><\/div><\/div>\t\t\t\t\t\t\t\t<\/div>\n\t\t\t\t<\/div>\n\t\t\t\t<\/div>\n\t\t<div class=\"elementor-element elementor-element-efbb636 e-con-full e-flex e-con e-child\" data-id=\"efbb636\" data-element_type=\"container\" data-e-type=\"container\">\n\t\t\t\t<div class=\"elementor-element elementor-element-8e8186b elementor-widget elementor-widget-text-editor\" data-id=\"8e8186b\" data-element_type=\"widget\" data-e-type=\"widget\" data-widget_type=\"text-editor.default\">\n\t\t\t\t<div class=\"elementor-widget-container\">\n\t\t\t\t\t\t\t\t\t<div class=\"et_pb_module et_pb_text et_pb_text_3 et_clickable et_pb_text_align_left et_pb_bg_layout_light\"><div class=\"et_pb_text_inner\"><div class=\"et_pb_module et_pb_text et_pb_text_5 et_clickable et_pb_text_align_left et_pb_bg_layout_light\"><div class=\"et_pb_text_inner\"><h2>Pol\u00edticas e Informes<\/h2><\/div><\/div><div class=\"et_pb_module et_pb_text et_pb_text_6 et_clickable et_pb_text_align_left et_pb_bg_layout_light\"><div class=\"et_pb_text_inner\"><p class=\"translation-block\">Consulte los <a href=\"\/es\/policies-and-reporting\/\" target=\"_self\">documentos, pol\u00edticas e informes de estado<\/a> del PAHAF.<\/p><\/div><\/div><\/div><\/div>\t\t\t\t\t\t\t\t<\/div>\n\t\t\t\t<\/div>\n\t\t\t\t<\/div>\n\t\t\t\t\t<\/div>\n\t\t\t\t<\/div>\n\t\t\t\t<\/div>","protected":false},"excerpt":{"rendered":"<p>Pennsylvania Homeowner Assistance Fund The PAHAF program is no longer accepting new applications. The applications that already on the waitlist will only be processed if sufficient funding exists. These applications will only be processed if sufficient funding exists. Eligible applications will be moved to the \u201cApplication Submitted\u201d status for processing as warranted according to available [&hellip;]<\/p>\n","protected":false},"author":1,"featured_media":1982,"parent":0,"menu_order":0,"comment_status":"closed","ping_status":"closed","template":"","meta":{"footnotes":""},"class_list":["post-108","page","type-page","status-publish","has-post-thumbnail","hentry"],"yoast_head":"<!-- This site is optimized with the Yoast SEO plugin v27.4 - https:\/\/yoast.com\/product\/yoast-seo-wordpress\/ -->\n<title>Pennsylvania Homeowner Assistance Fund<\/title>\n<meta name=\"description\" content=\"The Pennsylvania Homeowner Assistance Fund is a housing-related program that assists PA homeowners facing financial hardship due to the COVID-19 pandemic.\" \/>\n<meta name=\"robots\" content=\"index, follow, max-snippet:-1, max-image-preview:large, max-video-preview:-1\" \/>\n<link rel=\"canonical\" href=\"https:\/\/pahaf.org\/es\/\" \/>\n<meta property=\"og:locale\" content=\"es_ES\" \/>\n<meta property=\"og:type\" content=\"article\" \/>\n<meta property=\"og:title\" content=\"Pennsylvania Homeowner Assistance Fund\" \/>\n<meta property=\"og:description\" content=\"The Pennsylvania Homeowner Assistance Fund is a housing-related program that assists PA homeowners facing financial hardship due to the COVID-19 pandemic.\" \/>\n<meta property=\"og:url\" content=\"https:\/\/pahaf.org\/es\/\" \/>\n<meta property=\"og:site_name\" content=\"Pennsylvania Homeowner Assistance Fund\" \/>\n<meta property=\"article:publisher\" content=\"https:\/\/www.facebook.com\/phfa.org\/\" \/>\n<meta property=\"article:modified_time\" content=\"2025-04-01T01:33:02+00:00\" \/>\n<meta property=\"og:image\" content=\"https:\/\/pahaf.org\/wp-content\/uploads\/2023\/06\/header_fishtown-1-1024x576.jpeg\" \/>\n\t<meta property=\"og:image:width\" content=\"1024\" \/>\n\t<meta property=\"og:image:height\" content=\"576\" \/>\n\t<meta property=\"og:image:type\" content=\"image\/jpeg\" \/>\n<meta name=\"twitter:card\" content=\"summary_large_image\" \/>\n<meta name=\"twitter:site\" content=\"@PHFAtweets\" \/>\n<meta name=\"twitter:label1\" content=\"Tiempo de lectura\" \/>\n\t<meta name=\"twitter:data1\" content=\"2 minutos\" \/>\n<script type=\"application\/ld+json\" class=\"yoast-schema-graph\">{\"@context\":\"https:\\\/\\\/schema.org\",\"@graph\":[{\"@type\":\"WebPage\",\"@id\":\"https:\\\/\\\/pahaf.org\\\/\",\"url\":\"https:\\\/\\\/pahaf.org\\\/\",\"name\":\"Pennsylvania Homeowner Assistance Fund\",\"isPartOf\":{\"@id\":\"https:\\\/\\\/pahaf.org\\\/#website\"},\"primaryImageOfPage\":{\"@id\":\"https:\\\/\\\/pahaf.org\\\/#primaryimage\"},\"image\":{\"@id\":\"https:\\\/\\\/pahaf.org\\\/#primaryimage\"},\"thumbnailUrl\":\"https:\\\/\\\/pahaf.org\\\/wp-content\\\/uploads\\\/2023\\\/06\\\/header_fishtown-1.jpeg\",\"datePublished\":\"2023-06-14T01:44:52+00:00\",\"dateModified\":\"2025-04-01T01:33:02+00:00\",\"description\":\"The Pennsylvania Homeowner Assistance Fund is a housing-related program that assists PA homeowners facing financial hardship due to the COVID-19 pandemic.\",\"breadcrumb\":{\"@id\":\"https:\\\/\\\/pahaf.org\\\/#breadcrumb\"},\"inLanguage\":\"es\",\"potentialAction\":[{\"@type\":\"ReadAction\",\"target\":[\"https:\\\/\\\/pahaf.org\\\/\"]}]},{\"@type\":\"ImageObject\",\"inLanguage\":\"es\",\"@id\":\"https:\\\/\\\/pahaf.org\\\/#primaryimage\",\"url\":\"https:\\\/\\\/pahaf.org\\\/wp-content\\\/uploads\\\/2023\\\/06\\\/header_fishtown-1.jpeg\",\"contentUrl\":\"https:\\\/\\\/pahaf.org\\\/wp-content\\\/uploads\\\/2023\\\/06\\\/header_fishtown-1.jpeg\",\"width\":1920,\"height\":1080,\"caption\":\"Row houses in Fishtown neighborhood in PA.\"},{\"@type\":\"BreadcrumbList\",\"@id\":\"https:\\\/\\\/pahaf.org\\\/#breadcrumb\",\"itemListElement\":[{\"@type\":\"ListItem\",\"position\":1,\"name\":\"Home\",\"item\":\"https:\\\/\\\/pahaf.org\\\/\"},{\"@type\":\"ListItem\",\"position\":2,\"name\":\"Home\"}]},{\"@type\":\"WebSite\",\"@id\":\"https:\\\/\\\/pahaf.org\\\/#website\",\"url\":\"https:\\\/\\\/pahaf.org\\\/\",\"name\":\"Pennsylvania Homeowner Assistance Fund\",\"description\":\"\",\"publisher\":{\"@id\":\"https:\\\/\\\/pahaf.org\\\/#organization\"},\"alternateName\":\"PAHAF\",\"potentialAction\":[{\"@type\":\"SearchAction\",\"target\":{\"@type\":\"EntryPoint\",\"urlTemplate\":\"https:\\\/\\\/pahaf.org\\\/?s={search_term_string}\"},\"query-input\":{\"@type\":\"PropertyValueSpecification\",\"valueRequired\":true,\"valueName\":\"search_term_string\"}}],\"inLanguage\":\"es\"},{\"@type\":\"Organization\",\"@id\":\"https:\\\/\\\/pahaf.org\\\/#organization\",\"name\":\"Pennsylvania Homeowner Assistance Fund\",\"alternateName\":\"PAHAF\",\"url\":\"https:\\\/\\\/pahaf.org\\\/\",\"logo\":{\"@type\":\"ImageObject\",\"inLanguage\":\"es\",\"@id\":\"https:\\\/\\\/pahaf.org\\\/#\\\/schema\\\/logo\\\/image\\\/\",\"url\":\"https:\\\/\\\/pahaf.org\\\/wp-content\\\/uploads\\\/2023\\\/06\\\/PAHAF-logo-sq.jpg\",\"contentUrl\":\"https:\\\/\\\/pahaf.org\\\/wp-content\\\/uploads\\\/2023\\\/06\\\/PAHAF-logo-sq.jpg\",\"width\":1200,\"height\":1201,\"caption\":\"Pennsylvania Homeowner Assistance Fund\"},\"image\":{\"@id\":\"https:\\\/\\\/pahaf.org\\\/#\\\/schema\\\/logo\\\/image\\\/\"},\"sameAs\":[\"https:\\\/\\\/www.facebook.com\\\/phfa.org\\\/\",\"https:\\\/\\\/x.com\\\/PHFAtweets\"]}]}<\/script>\n<!-- \/ Yoast SEO plugin. -->","yoast_head_json":{"title":"Fondo de Asistencia para Propietarios de Vivienda de Pensilvania","description":"The Pennsylvania Homeowner Assistance Fund is a housing-related program that assists PA homeowners facing financial hardship due to the COVID-19 pandemic.","robots":{"index":"index","follow":"follow","max-snippet":"max-snippet:-1","max-image-preview":"max-image-preview:large","max-video-preview":"max-video-preview:-1"},"canonical":"https:\/\/pahaf.org\/es\/","og_locale":"es_ES","og_type":"article","og_title":"Pennsylvania Homeowner Assistance Fund","og_description":"The Pennsylvania Homeowner Assistance Fund is a housing-related program that assists PA homeowners facing financial hardship due to the COVID-19 pandemic.","og_url":"https:\/\/pahaf.org\/es\/","og_site_name":"Pennsylvania Homeowner Assistance Fund","article_publisher":"https:\/\/www.facebook.com\/phfa.org\/","article_modified_time":"2025-04-01T01:33:02+00:00","og_image":[{"width":1024,"height":576,"url":"https:\/\/pahaf.org\/wp-content\/uploads\/2023\/06\/header_fishtown-1-1024x576.jpeg","type":"image\/jpeg"}],"twitter_card":"summary_large_image","twitter_site":"@PHFAtweets","twitter_misc":{"Tiempo de lectura":"2 minutos"},"schema":{"@context":"https:\/\/schema.org","@graph":[{"@type":"WebPage","@id":"https:\/\/pahaf.org\/","url":"https:\/\/pahaf.org\/","name":"Fondo de Asistencia para Propietarios de Vivienda de Pensilvania","isPartOf":{"@id":"https:\/\/pahaf.org\/#website"},"primaryImageOfPage":{"@id":"https:\/\/pahaf.org\/#primaryimage"},"image":{"@id":"https:\/\/pahaf.org\/#primaryimage"},"thumbnailUrl":"https:\/\/pahaf.org\/wp-content\/uploads\/2023\/06\/header_fishtown-1.jpeg","datePublished":"2023-06-14T01:44:52+00:00","dateModified":"2025-04-01T01:33:02+00:00","description":"The Pennsylvania Homeowner Assistance Fund is a housing-related program that assists PA homeowners facing financial hardship due to the COVID-19 pandemic.","breadcrumb":{"@id":"https:\/\/pahaf.org\/#breadcrumb"},"inLanguage":"es","potentialAction":[{"@type":"ReadAction","target":["https:\/\/pahaf.org\/"]}]},{"@type":"ImageObject","inLanguage":"es","@id":"https:\/\/pahaf.org\/#primaryimage","url":"https:\/\/pahaf.org\/wp-content\/uploads\/2023\/06\/header_fishtown-1.jpeg","contentUrl":"https:\/\/pahaf.org\/wp-content\/uploads\/2023\/06\/header_fishtown-1.jpeg","width":1920,"height":1080,"caption":"Row houses in Fishtown neighborhood in PA."},{"@type":"BreadcrumbList","@id":"https:\/\/pahaf.org\/#breadcrumb","itemListElement":[{"@type":"ListItem","position":1,"name":"Home","item":"https:\/\/pahaf.org\/"},{"@type":"ListItem","position":2,"name":"Home"}]},{"@type":"WebSite","@id":"https:\/\/pahaf.org\/#website","url":"https:\/\/pahaf.org\/","name":"Fondo de Asistencia para Propietarios de Vivienda de Pensilvania","description":"","publisher":{"@id":"https:\/\/pahaf.org\/#organization"},"alternateName":"PAHAF","potentialAction":[{"@type":"SearchAction","target":{"@type":"EntryPoint","urlTemplate":"https:\/\/pahaf.org\/?s={search_term_string}"},"query-input":{"@type":"PropertyValueSpecification","valueRequired":true,"valueName":"search_term_string"}}],"inLanguage":"es"},{"@type":"Organization","@id":"https:\/\/pahaf.org\/#organization","name":"Fondo de Asistencia para Propietarios de Vivienda de Pensilvania","alternateName":"PAHAF","url":"https:\/\/pahaf.org\/","logo":{"@type":"ImageObject","inLanguage":"es","@id":"https:\/\/pahaf.org\/#\/schema\/logo\/image\/","url":"https:\/\/pahaf.org\/wp-content\/uploads\/2023\/06\/PAHAF-logo-sq.jpg","contentUrl":"https:\/\/pahaf.org\/wp-content\/uploads\/2023\/06\/PAHAF-logo-sq.jpg","width":1200,"height":1201,"caption":"Pennsylvania Homeowner Assistance Fund"},"image":{"@id":"https:\/\/pahaf.org\/#\/schema\/logo\/image\/"},"sameAs":["https:\/\/www.facebook.com\/phfa.org\/","https:\/\/x.com\/PHFAtweets"]}]}},"_links":{"self":[{"href":"https:\/\/pahaf.org\/es\/wp-json\/wp\/v2\/pages\/108","targetHints":{"allow":["GET"]}}],"collection":[{"href":"https:\/\/pahaf.org\/es\/wp-json\/wp\/v2\/pages"}],"about":[{"href":"https:\/\/pahaf.org\/es\/wp-json\/wp\/v2\/types\/page"}],"author":[{"embeddable":true,"href":"https:\/\/pahaf.org\/es\/wp-json\/wp\/v2\/users\/1"}],"replies":[{"embeddable":true,"href":"https:\/\/pahaf.org\/es\/wp-json\/wp\/v2\/comments?post=108"}],"version-history":[{"count":124,"href":"https:\/\/pahaf.org\/es\/wp-json\/wp\/v2\/pages\/108\/revisions"}],"predecessor-version":[{"id":3174,"href":"https:\/\/pahaf.org\/es\/wp-json\/wp\/v2\/pages\/108\/revisions\/3174"}],"wp:featuredmedia":[{"embeddable":true,"href":"https:\/\/pahaf.org\/es\/wp-json\/wp\/v2\/media\/1982"}],"wp:attachment":[{"href":"https:\/\/pahaf.org\/es\/wp-json\/wp\/v2\/media?parent=108"}],"curies":[{"name":"wp","href":"https:\/\/api.w.org\/{rel}","templated":true}]}}